{"id":20,"date":"2023-04-24T04:45:54","date_gmt":"2023-04-24T04:45:54","guid":{"rendered":"https:\/\/cozystay.loftocean.com\/mountain-hotel\/?page_id=20"},"modified":"2025-02-14T15:10:28","modified_gmt":"2025-02-14T15:10:28","slug":"paradis-events","status":"publish","type":"page","link":"https:\/\/resortparadis.ro\/en\/paradis-events\/","title":{"rendered":"Events"},"content":{"rendered":"<div data-elementor-type=\"wp-page\" data-elementor-id=\"20\" class=\"elementor elementor-20\">\n\t\t\t\t\t\t<section class=\"elementor-section elementor-top-section elementor-element elementor-element-178b3756 cs-section-content-fullwidth elementor-section-boxed elementor-section-height-default elementor-section-height-default\" data-id=\"178b3756\" data-element_type=\"section\" data-settings=\"{&quot;background_background&quot;:&quot;classic&quot;}\">\n\t\t\t\t\t\t\t<div class=\"elementor-background-overlay\"><\/div>\n\t\t\t\t\t\t\t<div class=\"elementor-container elementor-column-gap-no\">\n\t\t\t\t\t<div class=\"elementor-column elementor-col-100 elementor-top-column elementor-element elementor-element-2d8b3cfe dark-color\" data-id=\"2d8b3cfe\" data-element_type=\"column\">\n\t\t\t<div class=\"elementor-widget-wrap elementor-element-populated\">\n\t\t\t\t\t\t<div class=\"elementor-element elementor-element-406c1f1 elementor-widget elementor-widget-cs_title\" data-id=\"406c1f1\" data-element_type=\"widget\" data-widget_type=\"cs_title.default\">\n\t\t\t\t<div class=\"elementor-widget-container\">\n\t\t\t\t\t\n        <div class=\"cs-title-wrap text-center\">\t            <h1 class=\"cs-title\">\n\t                nout\u0103\u021bi\t            <\/h1>        <\/div>\t\t\t\t<\/div>\n\t\t\t\t<\/div>\n\t\t\t\t\t<\/div>\n\t\t<\/div>\n\t\t\t\t\t<\/div>\n\t\t<\/section>\n\t\t\t\t<section class=\"elementor-section elementor-top-section elementor-element elementor-element-6330fbd elementor-section-boxed elementor-section-height-default elementor-section-height-default\" data-id=\"6330fbd\" data-element_type=\"section\">\n\t\t\t\t\t\t<div class=\"elementor-container elementor-column-gap-no\">\n\t\t\t\t\t<div class=\"elementor-column elementor-col-100 elementor-top-column elementor-element elementor-element-c0e7254\" data-id=\"c0e7254\" data-element_type=\"column\">\n\t\t\t<div class=\"elementor-widget-wrap elementor-element-populated\">\n\t\t\t\t\t\t<div class=\"elementor-element elementor-element-0256065 elementor-widget elementor-widget-cs_blog\" data-id=\"0256065\" data-element_type=\"widget\" data-widget_type=\"cs_blog.default\">\n\t\t\t\t<div class=\"elementor-widget-container\">\n\t\t\t\t\t\t\t\t\t<div class=\"posts layout-grid column-3 img-ratio-1-1\" data-settings='{\"query\":{\"paged\":1,\"posts_per_page\":4,\"ignore_sticky_posts\":true,\"post_type\":\"post\",\"post_status\":\"publish\"},\"settings\":{\"layout\":\"grid\",\"columns\":\"3\",\"post_meta\":\"a:2:{i:0;s:7:\\\"excerpt\\\";i:1;s:13:\\\"read_more_btn\\\";}\",\"page_layout\":\"\",\"pagination\":\"ajax-auto\",\"archive_page\":\"elementor\"}}'>\n\t\t\t\t\t\t\t\t\t<div class=\"posts-wrapper\">\n<article class=\"post-6010 post type-post status-publish format-standard has-post-thumbnail hentry category-uncategorized\">\n            <div class=\"featured-img\">\n        \t<a href=\"https:\/\/resortparadis.ro\/en\/2026\/03\/16\/targul-de-evenimente-paradis-2026\/\"><img fetchpriority=\"high\" decoding=\"async\" width=\"780\" height=\"975\" src=\"https:\/\/resortparadis.ro\/wp-content\/uploads\/2026\/03\/image_2026-03-16_112853546-780x975.png\" class=\"attachment-cozystay_780x9999 size-cozystay_780x9999 wp-post-image image-layout-grid-column-3\" alt=\"\" srcset=\"https:\/\/resortparadis.ro\/wp-content\/uploads\/2026\/03\/image_2026-03-16_112853546-780x975.png 780w, https:\/\/resortparadis.ro\/wp-content\/uploads\/2026\/03\/image_2026-03-16_112853546-240x300.png 240w, https:\/\/resortparadis.ro\/wp-content\/uploads\/2026\/03\/image_2026-03-16_112853546-819x1024.png 819w, https:\/\/resortparadis.ro\/wp-content\/uploads\/2026\/03\/image_2026-03-16_112853546-768x960.png 768w, https:\/\/resortparadis.ro\/wp-content\/uploads\/2026\/03\/image_2026-03-16_112853546-10x12.png 10w, https:\/\/resortparadis.ro\/wp-content\/uploads\/2026\/03\/image_2026-03-16_112853546-600x750.png 600w, https:\/\/resortparadis.ro\/wp-content\/uploads\/2026\/03\/image_2026-03-16_112853546-550x688.png 550w, https:\/\/resortparadis.ro\/wp-content\/uploads\/2026\/03\/image_2026-03-16_112853546-370x463.png 370w, https:\/\/resortparadis.ro\/wp-content\/uploads\/2026\/03\/image_2026-03-16_112853546-255x319.png 255w, https:\/\/resortparadis.ro\/wp-content\/uploads\/2026\/03\/image_2026-03-16_112853546-300x375.png 300w, https:\/\/resortparadis.ro\/wp-content\/uploads\/2026\/03\/image_2026-03-16_112853546-120x150.png 120w, https:\/\/resortparadis.ro\/wp-content\/uploads\/2026\/03\/image_2026-03-16_112853546.png 1024w\" sizes=\"(max-width: 780px) 100vw, 780px\" \/><\/a>        <\/div>\n    <div class=\"post-content\">\n        <header class=\"post-header\">    <h2 class=\"post-title\">\n        <a href=\"https:\/\/resortparadis.ro\/en\/2026\/03\/16\/targul-de-evenimente-paradis-2026\/\">T\u00e2rgul de Evenimente Paradis 2026<\/a>\n    <\/h2>        <\/header>\t\t<div class=\"post-excerpt\"><p>T\u00e2rgul de Evenimente Paradis Tot ce ai nevoie pentru organizarea unui eveniment, \u00eentr-un singur loc C\u00e2nd? 28\u201329 martie | 10:00 \u2013 20:00 Unde? Paradis Noblesse, &#8230;<\/p>\n<\/div>             <footer class=\"post-footer\">        <div class=\"more-btn\">\n            <a class=\"read-more-btn button cs-btn-underline\" href=\"https:\/\/resortparadis.ro\/en\/2026\/03\/16\/targul-de-evenimente-paradis-2026\/\"><span>Read More<\/span><\/a>\n        <\/div>            <\/footer>    <\/div>\n<\/article>\n\n<article class=\"post-5349 post type-post status-publish format-standard has-post-thumbnail hentry category-uncategorized\">\n            <div class=\"featured-img\">\n        \t<a href=\"https:\/\/resortparadis.ro\/en\/2025\/11\/21\/revelion-grandoria\/\"><img decoding=\"async\" width=\"780\" height=\"975\" src=\"https:\/\/resortparadis.ro\/wp-content\/uploads\/2025\/11\/Revelion-paradis-780x975.png\" class=\"attachment-cozystay_780x9999 size-cozystay_780x9999 wp-post-image image-layout-grid-column-3\" alt=\"\" srcset=\"https:\/\/resortparadis.ro\/wp-content\/uploads\/2025\/11\/Revelion-paradis-780x975.png 780w, https:\/\/resortparadis.ro\/wp-content\/uploads\/2025\/11\/Revelion-paradis-240x300.png 240w, https:\/\/resortparadis.ro\/wp-content\/uploads\/2025\/11\/Revelion-paradis-819x1024.png 819w, https:\/\/resortparadis.ro\/wp-content\/uploads\/2025\/11\/Revelion-paradis-768x960.png 768w, https:\/\/resortparadis.ro\/wp-content\/uploads\/2025\/11\/Revelion-paradis-600x750.png 600w, https:\/\/resortparadis.ro\/wp-content\/uploads\/2025\/11\/Revelion-paradis-550x688.png 550w, https:\/\/resortparadis.ro\/wp-content\/uploads\/2025\/11\/Revelion-paradis-370x463.png 370w, https:\/\/resortparadis.ro\/wp-content\/uploads\/2025\/11\/Revelion-paradis-255x319.png 255w, https:\/\/resortparadis.ro\/wp-content\/uploads\/2025\/11\/Revelion-paradis-300x375.png 300w, https:\/\/resortparadis.ro\/wp-content\/uploads\/2025\/11\/Revelion-paradis-120x150.png 120w, https:\/\/resortparadis.ro\/wp-content\/uploads\/2025\/11\/Revelion-paradis.png 1080w\" sizes=\"(max-width: 780px) 100vw, 780px\" \/><\/a>        <\/div>\n    <div class=\"post-content\">\n        <header class=\"post-header\">    <h2 class=\"post-title\">\n        <a href=\"https:\/\/resortparadis.ro\/en\/2025\/11\/21\/revelion-grandoria\/\">Revelion Grandoria<\/a>\n    <\/h2>        <\/header>\t\t<div class=\"post-excerpt\"><p>PRET: 475 RON \ud83d\udcde 0742 086 828 \/ 0741 130 518 Revelionul din Sala Grandoria aduce un program artistic energic \u0219i modern, construit special pentru &#8230;<\/p>\n<\/div>             <footer class=\"post-footer\">        <div class=\"more-btn\">\n            <a class=\"read-more-btn button cs-btn-underline\" href=\"https:\/\/resortparadis.ro\/en\/2025\/11\/21\/revelion-grandoria\/\"><span>Read More<\/span><\/a>\n        <\/div>            <\/footer>    <\/div>\n<\/article>\n\n<article class=\"post-5340 post type-post status-publish format-standard has-post-thumbnail hentry category-noutati\">\n            <div class=\"featured-img\">\n        \t<a href=\"https:\/\/resortparadis.ro\/en\/2025\/11\/21\/revelion-noblesse\/\"><img decoding=\"async\" width=\"780\" height=\"975\" src=\"https:\/\/resortparadis.ro\/wp-content\/uploads\/2025\/11\/Revelion-paradis-780x975.jpg\" class=\"attachment-cozystay_780x9999 size-cozystay_780x9999 wp-post-image image-layout-grid-column-3\" alt=\"\" srcset=\"https:\/\/resortparadis.ro\/wp-content\/uploads\/2025\/11\/Revelion-paradis-780x975.jpg 780w, https:\/\/resortparadis.ro\/wp-content\/uploads\/2025\/11\/Revelion-paradis-240x300.jpg 240w, https:\/\/resortparadis.ro\/wp-content\/uploads\/2025\/11\/Revelion-paradis-819x1024.jpg 819w, https:\/\/resortparadis.ro\/wp-content\/uploads\/2025\/11\/Revelion-paradis-768x960.jpg 768w, https:\/\/resortparadis.ro\/wp-content\/uploads\/2025\/11\/Revelion-paradis-600x750.jpg 600w, https:\/\/resortparadis.ro\/wp-content\/uploads\/2025\/11\/Revelion-paradis-550x688.jpg 550w, https:\/\/resortparadis.ro\/wp-content\/uploads\/2025\/11\/Revelion-paradis-370x463.jpg 370w, https:\/\/resortparadis.ro\/wp-content\/uploads\/2025\/11\/Revelion-paradis-255x319.jpg 255w, https:\/\/resortparadis.ro\/wp-content\/uploads\/2025\/11\/Revelion-paradis-300x375.jpg 300w, https:\/\/resortparadis.ro\/wp-content\/uploads\/2025\/11\/Revelion-paradis-120x150.jpg 120w, https:\/\/resortparadis.ro\/wp-content\/uploads\/2025\/11\/Revelion-paradis.jpg 1080w\" sizes=\"(max-width: 780px) 100vw, 780px\" \/><\/a>        <\/div>\n    <div class=\"post-content\">\n        <header class=\"post-header\">    <h2 class=\"post-title\">\n        <a href=\"https:\/\/resortparadis.ro\/en\/2025\/11\/21\/revelion-noblesse\/\">Revelion Noblesse 2026<\/a>\n    <\/h2>        <\/header>\t\t<div class=\"post-excerpt\"><p>Pe 31 Decembrie, te invit\u0103m la Paradis, s\u0103 petreci Revelionul \u00eentr-un cadru elegant, unde tradi\u021bia \u00eent\u00e2lne\u0219te rafinamentul.\u2728 PRET: 495 RON Seara se va l\u0103sa cu &#8230;<\/p>\n<\/div>             <footer class=\"post-footer\">        <div class=\"more-btn\">\n            <a class=\"read-more-btn button cs-btn-underline\" href=\"https:\/\/resortparadis.ro\/en\/2025\/11\/21\/revelion-noblesse\/\"><span>Read More<\/span><\/a>\n        <\/div>            <\/footer>    <\/div>\n<\/article>\n\n<article class=\"post-4674 post type-post status-publish format-standard has-post-thumbnail hentry category-noutati\">\n            <div class=\"featured-img\">\n        \t<a href=\"https:\/\/resortparadis.ro\/en\/2025\/11\/05\/black-friday-pentru-nunti-botezuri\/\"><img loading=\"lazy\" decoding=\"async\" width=\"780\" height=\"780\" src=\"https:\/\/resortparadis.ro\/wp-content\/uploads\/2024\/11\/Cover-Site-copy-780x780.jpg\" class=\"attachment-cozystay_780x9999 size-cozystay_780x9999 wp-post-image image-layout-grid-column-3\" alt=\"\" srcset=\"https:\/\/resortparadis.ro\/wp-content\/uploads\/2024\/11\/Cover-Site-copy-780x780.jpg 780w, https:\/\/resortparadis.ro\/wp-content\/uploads\/2024\/11\/Cover-Site-copy-300x300.jpg 300w, https:\/\/resortparadis.ro\/wp-content\/uploads\/2024\/11\/Cover-Site-copy-150x150.jpg 150w, https:\/\/resortparadis.ro\/wp-content\/uploads\/2024\/11\/Cover-Site-copy-768x768.jpg 768w, https:\/\/resortparadis.ro\/wp-content\/uploads\/2024\/11\/Cover-Site-copy-600x600.jpg 600w, https:\/\/resortparadis.ro\/wp-content\/uploads\/2024\/11\/Cover-Site-copy-550x550.jpg 550w, https:\/\/resortparadis.ro\/wp-content\/uploads\/2024\/11\/Cover-Site-copy-370x370.jpg 370w, https:\/\/resortparadis.ro\/wp-content\/uploads\/2024\/11\/Cover-Site-copy-255x255.jpg 255w, https:\/\/resortparadis.ro\/wp-content\/uploads\/2024\/11\/Cover-Site-copy.jpg 1024w\" sizes=\"(max-width: 780px) 100vw, 780px\" \/><\/a>        <\/div>\n    <div class=\"post-content\">\n        <header class=\"post-header\">    <h2 class=\"post-title\">\n        <a href=\"https:\/\/resortparadis.ro\/en\/2025\/11\/05\/black-friday-pentru-nunti-botezuri\/\">Black Friday pentru nun\u021bi &amp; botezuri<\/a>\n    <\/h2>        <\/header>\t\t<div class=\"post-excerpt\"><p>Sunt aici, sunt avantajoase, sunt create pentru tine! \u00cent\u00e2mpin\u0103 OFERTELE noastre de Black Friday!\ud83d\ude31 \ud83d\udcde+40 742 086 828\ud83d\udcde+40 741 130 518 \ud835\udc0e\ud835\udc1f\ud835\udc1e\ud835\udc2b\ud835\udc2d\ud835\udc1a \ud835\udc1d\ud835\udc1e \ud835\udc0d\ud835\udc2e\ud835\udc27\ud835\udc2d\ud835\udc1a:\ud835\udc03\ud835\udc1e \ud835\udc25\ud835\udc1a &#8230;<\/p>\n<\/div>             <footer class=\"post-footer\">        <div class=\"more-btn\">\n            <a class=\"read-more-btn button cs-btn-underline\" href=\"https:\/\/resortparadis.ro\/en\/2025\/11\/05\/black-friday-pentru-nunti-botezuri\/\"><span>Read More<\/span><\/a>\n        <\/div>            <\/footer>    <\/div>\n<\/article>\n\t\t\t\t<\/div>\t\t<nav class=\"navigation pagination\">\n\t\t\t<div class=\"pagination-container load-more infinite\">\n\t\t\t\t<h2 class=\"screen-reader-text\">Posts Navigation<\/h2>\n\t\t\t\t<a href=\"#\" data-no-post-text=\"No More Posts\" class=\"load-more-btn ajax\">\n\t\t\t\t\t<span class=\"loading-text\">Loading...<\/span>\n\t\t\t\t<\/a>\n\t\t\t<\/div>\n\t\t<\/nav> \t\t\t\t<\/div>\t\t\t\t<\/div>\n\t\t\t\t<\/div>\n\t\t\t\t\t<\/div>\n\t\t<\/div>\n\t\t\t\t\t<\/div>\n\t\t<\/section>\n\t\t\t\t<\/div>","protected":false},"excerpt":{"rendered":"<p>nout\u0103\u021bi Vali Vijelie Live la Paradis Grandoria! \u00cen premier\u0103 la Paradis Events, Vali Vijelie vine pentru show de excep\u021bie pe care nu vrei s\u0103-l ratezi! \ud83c\udfb6\u2728 Cu stilul s\u0103u inconfundabil \u0219i energia &#8230; Detalii Valentine\u2019s Day Weekend Escape Tr\u0103i\u021bi propria poveste de dragoste la Noblesse Boutique Hotel &amp; Spa! \u00cen weekendul dedicat dragostei, pe 14, &#8230;<\/p>","protected":false},"author":1,"featured_media":0,"parent":0,"menu_order":0,"comment_status":"closed","ping_status":"closed","template":"template-wide-content.php","meta":{"cozystay_single_page_hide_site_header":"","cozystay_single_page_site_header_source":"","cozystay_single_page_custom_site_header":"0","cozystay_single_page_custom_sticky_site_header":"0","cozystay_single_page_hide_page_title":"on","cozystay_single_page_header_section_size":"","cozystay_single_page_header_background_color":"","cozystay_single_page_header_background_position_x":"center","cozystay_single_page_header_background_position_y":"center","cozystay_single_page_header_background_size":"cover","cozystay_single_page_header_background_repeat":"off","cozystay_single_page_header_background_scroll":"on","cozystay_single_page_header_text_color":"","cozystay_single_page_header_show_breadcrumb":"","cozystay_single_page_site_footer_hide_main":"","cozystay_single_custom_site_footer_main_source":"","cozystay_single_custom_site_footer_main":"0","cozystay_single_page_site_footer_hide_above":"","cozystay_single_custom_site_footer_above_source":"","cozystay_single_custom_site_footer_above":"0","cozystay_single_page_site_footer_hide_instagram":"","cozystay_single_page_site_footer_hide_bottom":"","cozystay_single_custom_mobile_menu_source":"","cozystay_single_custom_mobile_menu":"0","cozystay_single_custom_mobile_menu_animation":"","cozystay_single_custom_mobile_menu_width":"","cozystay_single_custom_mobile_menu_custom_width":375,"footnotes":""},"class_list":["post-20","page","type-page","status-publish","hentry"],"yoast_head":"<!-- This site is optimized with the Yoast SEO plugin v25.5 - https:\/\/yoast.com\/wordpress\/plugins\/seo\/ -->\n<title>Events - Complex Paradis<\/title>\n<meta name=\"robots\" content=\"index, follow, max-snippet:-1, max-image-preview:large, max-video-preview:-1\" \/>\n<link rel=\"canonical\" href=\"https:\/\/resortparadis.ro\/en\/paradis-events\/\" \/>\n<meta property=\"og:locale\" content=\"en_GB\" \/>\n<meta property=\"og:type\" content=\"article\" \/>\n<meta property=\"og:title\" content=\"Events - Complex Paradis\" \/>\n<meta property=\"og:description\" content=\"nout\u0103\u021bi Vali Vijelie Live la Paradis Grandoria! \u00cen premier\u0103 la Paradis Events, Vali Vijelie vine pentru show de excep\u021bie pe care nu vrei s\u0103-l ratezi! \ud83c\udfb6\u2728 Cu stilul s\u0103u inconfundabil \u0219i energia &#8230; Detalii Valentine\u2019s Day Weekend Escape Tr\u0103i\u021bi propria poveste de dragoste la Noblesse Boutique Hotel &amp; Spa! \u00cen weekendul dedicat dragostei, pe 14, ...\" \/>\n<meta property=\"og:url\" content=\"https:\/\/resortparadis.ro\/en\/paradis-events\/\" \/>\n<meta property=\"og:site_name\" content=\"Complex Paradis\" \/>\n<meta property=\"article:modified_time\" content=\"2025-02-14T15:10:28+00:00\" \/>\n<meta property=\"og:image\" content=\"https:\/\/resortparadis.ro\/wp-content\/uploads\/2025\/02\/la-Paradis-grandoria-2-780x975.jpg\" \/>\n<meta name=\"twitter:card\" content=\"summary_large_image\" \/>\n<meta name=\"twitter:label1\" content=\"Estimated reading time\" \/>\n\t<meta name=\"twitter:data1\" content=\"2 minutes\" \/>\n<script type=\"application\/ld+json\" class=\"yoast-schema-graph\">{\"@context\":\"https:\/\/schema.org\",\"@graph\":[{\"@type\":\"WebPage\",\"@id\":\"https:\/\/resortparadis.ro\/paradis-events\/\",\"url\":\"https:\/\/resortparadis.ro\/paradis-events\/\",\"name\":\"Events - Complex Paradis\",\"isPartOf\":{\"@id\":\"https:\/\/resortparadis.ro\/#website\"},\"primaryImageOfPage\":{\"@id\":\"https:\/\/resortparadis.ro\/paradis-events\/#primaryimage\"},\"image\":{\"@id\":\"https:\/\/resortparadis.ro\/paradis-events\/#primaryimage\"},\"thumbnailUrl\":\"https:\/\/resortparadis.ro\/wp-content\/uploads\/2025\/02\/la-Paradis-grandoria-2-780x975.jpg\",\"datePublished\":\"2023-04-24T04:45:54+00:00\",\"dateModified\":\"2025-02-14T15:10:28+00:00\",\"breadcrumb\":{\"@id\":\"https:\/\/resortparadis.ro\/paradis-events\/#breadcrumb\"},\"inLanguage\":\"en-GB\",\"potentialAction\":[{\"@type\":\"ReadAction\",\"target\":[\"https:\/\/resortparadis.ro\/paradis-events\/\"]}]},{\"@type\":\"ImageObject\",\"inLanguage\":\"en-GB\",\"@id\":\"https:\/\/resortparadis.ro\/paradis-events\/#primaryimage\",\"url\":\"https:\/\/resortparadis.ro\/wp-content\/uploads\/2025\/02\/la-Paradis-grandoria-2-780x975.jpg\",\"contentUrl\":\"https:\/\/resortparadis.ro\/wp-content\/uploads\/2025\/02\/la-Paradis-grandoria-2-780x975.jpg\"},{\"@type\":\"BreadcrumbList\",\"@id\":\"https:\/\/resortparadis.ro\/paradis-events\/#breadcrumb\",\"itemListElement\":[{\"@type\":\"ListItem\",\"position\":1,\"name\":\"Loca\u021bie pentru evenimente \u00een R\u00e2mnicu V\u00e2lcea. Oferte \u0219i pachete personalizabile. Sal\u0103 pentru nun\u021bi, botezuri, corporate.\",\"item\":\"https:\/\/resortparadis.ro\/\"},{\"@type\":\"ListItem\",\"position\":2,\"name\":\"Events\"}]},{\"@type\":\"WebSite\",\"@id\":\"https:\/\/resortparadis.ro\/#website\",\"url\":\"https:\/\/resortparadis.ro\/\",\"name\":\"Complex Paradis\",\"description\":\"Hotel - Evenimente - Cofet\u0103rie\",\"publisher\":{\"@id\":\"https:\/\/resortparadis.ro\/#organization\"},\"potentialAction\":[{\"@type\":\"SearchAction\",\"target\":{\"@type\":\"EntryPoint\",\"urlTemplate\":\"https:\/\/resortparadis.ro\/?s={search_term_string}\"},\"query-input\":{\"@type\":\"PropertyValueSpecification\",\"valueRequired\":true,\"valueName\":\"search_term_string\"}}],\"inLanguage\":\"en-GB\"},{\"@type\":\"Organization\",\"@id\":\"https:\/\/resortparadis.ro\/#organization\",\"name\":\"Complex Paradis\",\"url\":\"https:\/\/resortparadis.ro\/\",\"logo\":{\"@type\":\"ImageObject\",\"inLanguage\":\"en-GB\",\"@id\":\"https:\/\/resortparadis.ro\/#\/schema\/logo\/image\/\",\"url\":\"https:\/\/resortparadis.ro\/wp-content\/uploads\/2024\/06\/cropped-paradis-resort-logo-s-white-e1695574663117-edited.png\",\"contentUrl\":\"https:\/\/resortparadis.ro\/wp-content\/uploads\/2024\/06\/cropped-paradis-resort-logo-s-white-e1695574663117-edited.png\",\"width\":885,\"height\":498,\"caption\":\"Complex Paradis\"},\"image\":{\"@id\":\"https:\/\/resortparadis.ro\/#\/schema\/logo\/image\/\"}}]}<\/script>\n<!-- \/ Yoast SEO plugin. -->","yoast_head_json":{"title":"Events - Complex Paradis","robots":{"index":"index","follow":"follow","max-snippet":"max-snippet:-1","max-image-preview":"max-image-preview:large","max-video-preview":"max-video-preview:-1"},"canonical":"https:\/\/resortparadis.ro\/en\/paradis-events\/","og_locale":"en_GB","og_type":"article","og_title":"Events - Complex Paradis","og_description":"nout\u0103\u021bi Vali Vijelie Live la Paradis Grandoria! \u00cen premier\u0103 la Paradis Events, Vali Vijelie vine pentru show de excep\u021bie pe care nu vrei s\u0103-l ratezi! \ud83c\udfb6\u2728 Cu stilul s\u0103u inconfundabil \u0219i energia &#8230; Detalii Valentine\u2019s Day Weekend Escape Tr\u0103i\u021bi propria poveste de dragoste la Noblesse Boutique Hotel &amp; Spa! \u00cen weekendul dedicat dragostei, pe 14, ...","og_url":"https:\/\/resortparadis.ro\/en\/paradis-events\/","og_site_name":"Complex Paradis","article_modified_time":"2025-02-14T15:10:28+00:00","og_image":[{"url":"https:\/\/resortparadis.ro\/wp-content\/uploads\/2025\/02\/la-Paradis-grandoria-2-780x975.jpg","type":"","width":"","height":""}],"twitter_card":"summary_large_image","twitter_misc":{"Estimated reading time":"2 minutes"},"schema":{"@context":"https:\/\/schema.org","@graph":[{"@type":"WebPage","@id":"https:\/\/resortparadis.ro\/paradis-events\/","url":"https:\/\/resortparadis.ro\/paradis-events\/","name":"Events - Complex Paradis","isPartOf":{"@id":"https:\/\/resortparadis.ro\/#website"},"primaryImageOfPage":{"@id":"https:\/\/resortparadis.ro\/paradis-events\/#primaryimage"},"image":{"@id":"https:\/\/resortparadis.ro\/paradis-events\/#primaryimage"},"thumbnailUrl":"https:\/\/resortparadis.ro\/wp-content\/uploads\/2025\/02\/la-Paradis-grandoria-2-780x975.jpg","datePublished":"2023-04-24T04:45:54+00:00","dateModified":"2025-02-14T15:10:28+00:00","breadcrumb":{"@id":"https:\/\/resortparadis.ro\/paradis-events\/#breadcrumb"},"inLanguage":"en-GB","potentialAction":[{"@type":"ReadAction","target":["https:\/\/resortparadis.ro\/paradis-events\/"]}]},{"@type":"ImageObject","inLanguage":"en-GB","@id":"https:\/\/resortparadis.ro\/paradis-events\/#primaryimage","url":"https:\/\/resortparadis.ro\/wp-content\/uploads\/2025\/02\/la-Paradis-grandoria-2-780x975.jpg","contentUrl":"https:\/\/resortparadis.ro\/wp-content\/uploads\/2025\/02\/la-Paradis-grandoria-2-780x975.jpg"},{"@type":"BreadcrumbList","@id":"https:\/\/resortparadis.ro\/paradis-events\/#breadcrumb","itemListElement":[{"@type":"ListItem","position":1,"name":"Loca\u021bie pentru evenimente \u00een R\u00e2mnicu V\u00e2lcea. Oferte \u0219i pachete personalizabile. Sal\u0103 pentru nun\u021bi, botezuri, corporate.","item":"https:\/\/resortparadis.ro\/"},{"@type":"ListItem","position":2,"name":"Events"}]},{"@type":"WebSite","@id":"https:\/\/resortparadis.ro\/#website","url":"https:\/\/resortparadis.ro\/","name":"Complex Paradis","description":"Hotel - Evenimente - Cofet\u0103rie","publisher":{"@id":"https:\/\/resortparadis.ro\/#organization"},"potentialAction":[{"@type":"SearchAction","target":{"@type":"EntryPoint","urlTemplate":"https:\/\/resortparadis.ro\/?s={search_term_string}"},"query-input":{"@type":"PropertyValueSpecification","valueRequired":true,"valueName":"search_term_string"}}],"inLanguage":"en-GB"},{"@type":"Organization","@id":"https:\/\/resortparadis.ro\/#organization","name":"Complex Paradis","url":"https:\/\/resortparadis.ro\/","logo":{"@type":"ImageObject","inLanguage":"en-GB","@id":"https:\/\/resortparadis.ro\/#\/schema\/logo\/image\/","url":"https:\/\/resortparadis.ro\/wp-content\/uploads\/2024\/06\/cropped-paradis-resort-logo-s-white-e1695574663117-edited.png","contentUrl":"https:\/\/resortparadis.ro\/wp-content\/uploads\/2024\/06\/cropped-paradis-resort-logo-s-white-e1695574663117-edited.png","width":885,"height":498,"caption":"Complex Paradis"},"image":{"@id":"https:\/\/resortparadis.ro\/#\/schema\/logo\/image\/"}}]}},"jetpack_sharing_enabled":true,"_links":{"self":[{"href":"https:\/\/resortparadis.ro\/en\/wp-json\/wp\/v2\/pages\/20","targetHints":{"allow":["GET"]}}],"collection":[{"href":"https:\/\/resortparadis.ro\/en\/wp-json\/wp\/v2\/pages"}],"about":[{"href":"https:\/\/resortparadis.ro\/en\/wp-json\/wp\/v2\/types\/page"}],"author":[{"embeddable":true,"href":"https:\/\/resortparadis.ro\/en\/wp-json\/wp\/v2\/users\/1"}],"replies":[{"embeddable":true,"href":"https:\/\/resortparadis.ro\/en\/wp-json\/wp\/v2\/comments?post=20"}],"version-history":[{"count":21,"href":"https:\/\/resortparadis.ro\/en\/wp-json\/wp\/v2\/pages\/20\/revisions"}],"predecessor-version":[{"id":4800,"href":"https:\/\/resortparadis.ro\/en\/wp-json\/wp\/v2\/pages\/20\/revisions\/4800"}],"wp:attachment":[{"href":"https:\/\/resortparadis.ro\/en\/wp-json\/wp\/v2\/media?parent=20"}],"curies":[{"name":"wp","href":"https:\/\/api.w.org\/{rel}","templated":true}]}}