{"id":2495,"date":"2023-04-24T04:44:41","date_gmt":"2023-04-24T04:44:41","guid":{"rendered":"https:\/\/cozystay.loftocean.com\/mountain-hotel\/?page_id=13"},"modified":"2024-01-03T18:33:17","modified_gmt":"2024-01-03T18:33:17","slug":"contact","status":"publish","type":"page","link":"https:\/\/resortparadis.ro\/en\/contact\/","title":{"rendered":"Contact"},"content":{"rendered":"<div data-elementor-type=\"wp-page\" data-elementor-id=\"2495\" class=\"elementor elementor-2495\">\n\t\t\t\t\t\t<section class=\"elementor-section elementor-top-section elementor-element elementor-element-3721c029 elementor-section-height-min-height cs-section-content-fullwidth cs-parallax-on-scroll cs_scroll_y_80 elementor-section-boxed elementor-section-height-default elementor-section-items-middle\" data-id=\"3721c029\" data-element_type=\"section\" data-settings=\"{&quot;background_background&quot;:&quot;classic&quot;}\" data-cs-parallax-y=\"80\" style=\"background-image: none;\" data-cs-background-image=\"https:\/\/resortparadis.ro\/wp-content\/uploads\/2023\/10\/Resort-Paradis-Ramnicu-Valcea-Photo-12-scaled.webp\">\n\t\t\t\t\t\t\t<div class=\"elementor-background-overlay\"><\/div>\n\t\t\t\t\t\t\t<div class=\"elementor-container elementor-column-gap-no\">\n\t\t\t\t\t<div class=\"elementor-column elementor-col-100 elementor-top-column elementor-element elementor-element-1dd27aea dark-color\" data-id=\"1dd27aea\" data-element_type=\"column\">\n\t\t\t<div class=\"elementor-widget-wrap elementor-element-populated\">\n\t\t\t\t\t\t<div class=\"elementor-element elementor-element-510107fc elementor-widget elementor-widget-cs_title\" data-id=\"510107fc\" data-element_type=\"widget\" data-widget_type=\"cs_title.default\">\n\t\t\t\t<div class=\"elementor-widget-container\">\n\t\t\t\t\t\n        <div class=\"cs-title-wrap text-center\">\t            <h1 class=\"cs-title\">\n\t                Contact\t            <\/h1>        <\/div>\t\t\t\t<\/div>\n\t\t\t\t<\/div>\n\t\t\t\t\t<\/div>\n\t\t<\/div>\n\t\t\t\t\t<\/div>\n\t\t<\/section>\n\t\t\t\t<section class=\"elementor-section elementor-top-section elementor-element elementor-element-075d68b elementor-section-boxed elementor-section-height-default elementor-section-height-default elementor-invisible\" data-id=\"075d68b\" data-element_type=\"section\" data-settings=\"{&quot;background_background&quot;:&quot;classic&quot;,&quot;animation&quot;:&quot;fadeIn&quot;,&quot;animation_delay&quot;:150}\">\n\t\t\t\t\t\t<div class=\"elementor-container elementor-column-gap-no\">\n\t\t\t\t\t<div class=\"elementor-column elementor-col-50 elementor-top-column elementor-element elementor-element-1a4680f\" data-id=\"1a4680f\" data-element_type=\"column\" data-settings=\"{&quot;background_background&quot;:&quot;classic&quot;}\">\n\t\t\t<div class=\"elementor-widget-wrap elementor-element-populated\">\n\t\t\t\t\t\t<div class=\"elementor-element elementor-element-446df4b elementor-widget elementor-widget-spacer\" data-id=\"446df4b\" data-element_type=\"widget\" data-widget_type=\"spacer.default\">\n\t\t\t\t<div class=\"elementor-widget-container\">\n\t\t\t\t\t\t\t<div class=\"elementor-spacer\">\n\t\t\t<div class=\"elementor-spacer-inner\"><\/div>\n\t\t<\/div>\n\t\t\t\t\t\t<\/div>\n\t\t\t\t<\/div>\n\t\t\t\t\t<\/div>\n\t\t<\/div>\n\t\t\t\t<div class=\"elementor-column elementor-col-50 elementor-top-column elementor-element elementor-element-4e0a982\" data-id=\"4e0a982\" data-element_type=\"column\" data-settings=\"{&quot;background_background&quot;:&quot;classic&quot;}\">\n\t\t\t<div class=\"elementor-widget-wrap elementor-element-populated\">\n\t\t\t\t\t\t<div class=\"elementor-element elementor-element-8ff0c70 elementor-widget elementor-widget-cs_title\" data-id=\"8ff0c70\" data-element_type=\"widget\" data-widget_type=\"cs_title.default\">\n\t\t\t\t<div class=\"elementor-widget-container\">\n\t\t\t\t\t\n        <div class=\"cs-title-wrap text-center\">\t            <h4 class=\"cs-title\">\n\t                Trimite-ne un mesaj\t            <\/h4>        <\/div>\t\t\t\t<\/div>\n\t\t\t\t<\/div>\n\t\t\t\t<div class=\"elementor-element elementor-element-119c77a elementor-widget elementor-widget-cs_form_cf7\" data-id=\"119c77a\" data-element_type=\"widget\" data-widget_type=\"cs_form_cf7.default\">\n\t\t\t\t<div class=\"elementor-widget-container\">\n\t\t\t\t\t            <div class=\"cs-form-cf7 placeholder-normal\">\n                <div class=\"cs-form-cf7-wrap\">\n<div class=\"wpcf7 no-js\" id=\"wpcf7-f7-o1\" lang=\"en-US\" dir=\"ltr\" data-wpcf7-id=\"7\">\n<div class=\"screen-reader-response\"><p role=\"status\" aria-live=\"polite\" aria-atomic=\"true\"><\/p> <ul><\/ul><\/div>\n<form action=\"\/en\/wp-json\/wp\/v2\/pages\/2495#wpcf7-f7-o1\" method=\"post\" class=\"wpcf7-form init\" aria-label=\"Contact form\" novalidate=\"novalidate\" data-status=\"init\" data-trp-original-action=\"\/en\/wp-json\/wp\/v2\/pages\/2495#wpcf7-f7-o1\">\n<fieldset class=\"hidden-fields-container\"><input type=\"hidden\" name=\"_wpcf7\" value=\"7\" \/><input type=\"hidden\" name=\"_wpcf7_version\" value=\"6.1\" \/><input type=\"hidden\" name=\"_wpcf7_locale\" value=\"en_US\" \/><input type=\"hidden\" name=\"_wpcf7_unit_tag\" value=\"wpcf7-f7-o1\" \/><input type=\"hidden\" name=\"_wpcf7_container_post\" value=\"0\" \/><input type=\"hidden\" name=\"_wpcf7_posted_data_hash\" value=\"\" \/>\n<\/fieldset>\n<p><label> Numele t\u0103u<br \/>\n<span class=\"wpcf7-form-control-wrap\" data-name=\"your-name\"><input size=\"40\" maxlength=\"400\" class=\"wpcf7-form-control wpcf7-text wpcf7-validates-as-required\" autocomplete=\"name\" aria-required=\"true\" aria-invalid=\"false\" value=\"\" type=\"text\" name=\"your-name\" \/><\/span> <\/label>\n<\/p>\n<p><label> Adresa de email<br \/>\n<span class=\"wpcf7-form-control-wrap\" data-name=\"your-email\"><input size=\"40\" maxlength=\"400\" class=\"wpcf7-form-control wpcf7-email wpcf7-validates-as-required wpcf7-text wpcf7-validates-as-email\" autocomplete=\"email\" aria-required=\"true\" aria-invalid=\"false\" value=\"\" type=\"email\" name=\"your-email\" \/><\/span> <\/label>\n<\/p>\n<p><label> Subiect<br \/>\n<span class=\"wpcf7-form-control-wrap\" data-name=\"your-subject\"><input size=\"40\" maxlength=\"400\" class=\"wpcf7-form-control wpcf7-text wpcf7-validates-as-required\" aria-required=\"true\" aria-invalid=\"false\" value=\"\" type=\"text\" name=\"your-subject\" \/><\/span> <\/label>\n<\/p>\n<p><label> Mesajul t\u0103u (optional)<br \/>\n<span class=\"wpcf7-form-control-wrap\" data-name=\"your-message\"><textarea cols=\"40\" rows=\"10\" maxlength=\"2000\" class=\"wpcf7-form-control wpcf7-textarea\" aria-invalid=\"false\" name=\"your-message\"><\/textarea><\/span> <\/label><br \/>\n<label> Telefon<br \/>\n<span class=\"wpcf7-form-control-wrap\" data-name=\"tel-248\"><input size=\"40\" maxlength=\"400\" class=\"wpcf7-form-control wpcf7-tel wpcf7-validates-as-required wpcf7-text wpcf7-validates-as-tel telefon\" id=\"telefon\" aria-required=\"true\" aria-invalid=\"false\" value=\"\" type=\"tel\" name=\"tel-248\" \/><\/span> <\/label>\n<\/p>\n<p><span class=\"wpcf7-form-control-wrap\" data-name=\"checkbox-453\"><span class=\"wpcf7-form-control wpcf7-checkbox wpcf7-validates-as-required\"><span class=\"wpcf7-list-item first\"><label><input type=\"checkbox\" name=\"checkbox-453[]\" value=\"Eveniment\" \/><span class=\"wpcf7-list-item-label\">Eveniment<\/span><\/label><\/span><span class=\"wpcf7-list-item last\"><label><input type=\"checkbox\" name=\"checkbox-453[]\" value=\"Cazare\" \/><span class=\"wpcf7-list-item-label\">Cazare<\/span><\/label><\/span><\/span><\/span>\n<\/p>\n<p><input class=\"wpcf7-form-control wpcf7-submit has-spinner\" type=\"submit\" value=\"Trimite\" \/>\n<\/p><p style=\"display: none !important;\" class=\"akismet-fields-container\" data-prefix=\"_wpcf7_ak_\"><label>&#916;<textarea name=\"_wpcf7_ak_hp_textarea\" cols=\"45\" rows=\"8\" maxlength=\"100\"><\/textarea><\/label><input type=\"hidden\" id=\"ak_js_1\" name=\"_wpcf7_ak_js\" value=\"146\"\/><script>document.getElementById( \"ak_js_1\" ).setAttribute( \"value\", ( new Date() ).getTime() );<\/script><\/p><div class=\"wpcf7-response-output\" aria-hidden=\"true\"><\/div>\n<input type=\"hidden\" name=\"trp-form-language\" value=\"en\"\/><\/form>\n<\/div>\n<\/div>\n            <\/div>\t\t\t\t<\/div>\n\t\t\t\t<\/div>\n\t\t\t\t\t<\/div>\n\t\t<\/div>\n\t\t\t\t\t<\/div>\n\t\t<\/section>\n\t\t\t\t<section class=\"elementor-section elementor-top-section elementor-element elementor-element-86191c5 cs-animation-small-offset elementor-section-boxed elementor-section-height-default elementor-section-height-default elementor-invisible\" data-id=\"86191c5\" data-element_type=\"section\" data-settings=\"{&quot;animation&quot;:&quot;fadeInUp&quot;,&quot;animation_delay&quot;:150}\">\n\t\t\t\t\t\t<div class=\"elementor-container elementor-column-gap-no\">\n\t\t\t\t\t<div class=\"elementor-column elementor-col-50 elementor-top-column elementor-element elementor-element-33b28b2\" data-id=\"33b28b2\" data-element_type=\"column\">\n\t\t\t<div class=\"elementor-widget-wrap elementor-element-populated\">\n\t\t\t\t\t\t<div class=\"elementor-element elementor-element-7f10965 elementor-widget elementor-widget-cs_title\" data-id=\"7f10965\" data-element_type=\"widget\" data-widget_type=\"cs_title.default\">\n\t\t\t\t<div class=\"elementor-widget-container\">\n\t\t\t\t\t\n        <div class=\"cs-title-wrap text-center\">\t            <div class=\"cs-subtitle-wrap\"><span class=\"cs-subtitle\">contact<\/span><\/div>\t            <h6 class=\"cs-title\">\n\t                Resort Paradis\t            <\/h6>\t            <div class=\"cs-title-text\">\n\t                <p>Strada Schitu Troianu 7, R\u00e2mnicu V\u00e2lcea, Romania<\/p><p><a href=\"tel:+40733965667\">+40 733 965 667<\/a><\/p>\t            <\/div>                <div class=\"cs-title-btn\">\n                    <a class=\"button elementor-button-link cs-btn-underline\" role=\"button\" href=\"tel:%20+40733965667\" target=\"_blank\">\n                        <span class=\"cs-btn-text\">Sun\u0103 acum<\/span>                    <\/a>\n                <\/div>\n                    <\/div>\t\t\t\t<\/div>\n\t\t\t\t<\/div>\n\t\t\t\t<div class=\"elementor-element elementor-element-bc44570 elementor-widget elementor-widget-cs_title\" data-id=\"bc44570\" data-element_type=\"widget\" data-widget_type=\"cs_title.default\">\n\t\t\t\t<div class=\"elementor-widget-container\">\n\t\t\t\t\t\n        <div class=\"cs-title-wrap text-center\">\t            <div class=\"cs-subtitle-wrap\"><span class=\"cs-subtitle\">Hotel<\/span><\/div>\t            <h6 class=\"cs-title\">\n\t                Boutique Hotel Noblesse\t            <\/h6>\t            <div class=\"cs-title-text\">\n\t                <p>Strada Schitu Troianu 7, R\u00e2mnicu V\u00e2lcea, Romania<\/p><p><a href=\"tel: +40350403006\">+40 350 403 006<\/a><\/p>\t            <\/div>                <div class=\"cs-title-btn\">\n                    <a class=\"button elementor-button-link cs-btn-underline\" role=\"button\" href=\"tel:%20+40350403006\" target=\"_blank\">\n                        <span class=\"cs-btn-text\">Sun\u0103 acum<\/span>                    <\/a>\n                <\/div>\n                    <\/div>\t\t\t\t<\/div>\n\t\t\t\t<\/div>\n\t\t\t\t\t<\/div>\n\t\t<\/div>\n\t\t\t\t<div class=\"elementor-column elementor-col-50 elementor-top-column elementor-element elementor-element-f0d8fae\" data-id=\"f0d8fae\" data-element_type=\"column\">\n\t\t\t<div class=\"elementor-widget-wrap elementor-element-populated\">\n\t\t\t\t\t\t<div class=\"elementor-element elementor-element-0c5aba6 elementor-widget elementor-widget-cs_title\" data-id=\"0c5aba6\" data-element_type=\"widget\" data-widget_type=\"cs_title.default\">\n\t\t\t\t<div class=\"elementor-widget-container\">\n\t\t\t\t\t\n        <div class=\"cs-title-wrap text-center\">\t            <div class=\"cs-subtitle-wrap\"><span class=\"cs-subtitle\">rezervare<\/span><\/div>\t            <h6 class=\"cs-title\">\n\t                Pensiunea Paradis\t            <\/h6>\t            <div class=\"cs-title-text\">\n\t                <p><span class=\"w8qArf\">\u00a0<\/span><span class=\"LrzXr\">Strada R\u00e2ureni nr.18<\/span><\/p><p>+40 733 965 667<\/p>\t            <\/div>                <div class=\"cs-title-btn\">\n                    <a class=\"button elementor-button-link cs-btn-underline\" role=\"button\" href=\"tel:+40733965667\" target=\"_blank\">\n                        <span class=\"cs-btn-text\">Sun\u0103 acum<\/span>                    <\/a>\n                <\/div>\n                    <\/div>\t\t\t\t<\/div>\n\t\t\t\t<\/div>\n\t\t\t\t\t<\/div>\n\t\t<\/div>\n\t\t\t\t\t<\/div>\n\t\t<\/section>\n\t\t\t\t<section class=\"elementor-section elementor-top-section elementor-element elementor-element-6184b1f elementor-section-full_width elementor-section-height-min-height cs-animation-small-offset elementor-section-height-default elementor-section-items-middle elementor-invisible\" data-id=\"6184b1f\" data-element_type=\"section\" data-settings=\"{&quot;background_background&quot;:&quot;classic&quot;,&quot;animation&quot;:&quot;fadeInUp&quot;,&quot;animation_delay&quot;:150}\">\n\t\t\t\t\t\t\t<div class=\"elementor-background-overlay\"><\/div>\n\t\t\t\t\t\t\t<div class=\"elementor-container elementor-column-gap-no\">\n\t\t\t\t\t<div class=\"elementor-column elementor-col-100 elementor-top-column elementor-element elementor-element-33907c8\" data-id=\"33907c8\" data-element_type=\"column\">\n\t\t\t<div class=\"elementor-widget-wrap\">\n\t\t\t\t\t\t\t<\/div>\n\t\t<\/div>\n\t\t\t\t\t<\/div>\n\t\t<\/section>\n\t\t\t\t<\/div>","protected":false},"excerpt":{"rendered":"<p>Contact Trimite-ne un mesaj Numele t\u0103u Adresa de email Subiect Mesajul t\u0103u (optional) Telefon EvenimentCazare &#916; contact Resort Paradis Strada Schitu Troianu 7, R\u00e2mnicu V\u00e2lcea, Romania +40 733 965 667 Sun\u0103 acum Hotel Boutique Hotel Noblesse Strada Schitu Troianu 7, R\u00e2mnicu V\u00e2lcea, Romania +40 350 403 006 Sun\u0103 acum rezervare Pensiunea Paradis \u00a0Strada R\u00e2ureni nr.18 &#8230;<\/p>","protected":false},"author":1,"featured_media":0,"parent":0,"menu_order":0,"comment_status":"closed","ping_status":"closed","template":"template-wide-content.php","meta":{"cozystay_single_page_hide_site_header":"","cozystay_single_page_site_header_source":"","cozystay_single_page_custom_site_header":"0","cozystay_single_page_custom_sticky_site_header":"0","cozystay_single_page_hide_page_title":"on","cozystay_single_page_header_section_size":"","cozystay_single_page_header_background_color":"","cozystay_single_page_header_background_position_x":"center","cozystay_single_page_header_background_position_y":"center","cozystay_single_page_header_background_size":"cover","cozystay_single_page_header_background_repeat":"off","cozystay_single_page_header_background_scroll":"on","cozystay_single_page_header_text_color":"","cozystay_single_page_header_show_breadcrumb":"","cozystay_single_page_site_footer_hide_main":"","cozystay_single_custom_site_footer_main_source":"","cozystay_single_custom_site_footer_main":"0","cozystay_single_page_site_footer_hide_above":"","cozystay_single_custom_site_footer_above_source":"","cozystay_single_custom_site_footer_above":"0","cozystay_single_page_site_footer_hide_instagram":"","cozystay_single_page_site_footer_hide_bottom":"","cozystay_single_custom_mobile_menu_source":"","cozystay_single_custom_mobile_menu":"0","cozystay_single_custom_mobile_menu_animation":"","cozystay_single_custom_mobile_menu_width":"","cozystay_single_custom_mobile_menu_custom_width":375,"footnotes":""},"class_list":["post-2495","page","type-page","status-publish","hentry"],"yoast_head":"<!-- This site is optimized with the Yoast SEO plugin v25.5 - https:\/\/yoast.com\/wordpress\/plugins\/seo\/ -->\n<title>Contact - Complex Paradis<\/title>\n<meta name=\"robots\" content=\"index, follow, max-snippet:-1, max-image-preview:large, max-video-preview:-1\" \/>\n<link rel=\"canonical\" href=\"https:\/\/resortparadis.ro\/en\/contact\/\" \/>\n<meta property=\"og:locale\" content=\"en_GB\" \/>\n<meta property=\"og:type\" content=\"article\" \/>\n<meta property=\"og:title\" content=\"Contact - Complex Paradis\" \/>\n<meta property=\"og:description\" content=\"Contact Trimite-ne un mesaj Numele t\u0103u Adresa de email Subiect Mesajul t\u0103u (optional) Telefon EvenimentCazare &#916; contact Resort Paradis Strada Schitu Troianu 7, R\u00e2mnicu V\u00e2lcea, Romania +40 733 965 667 Sun\u0103 acum Hotel Boutique Hotel Noblesse Strada Schitu Troianu 7, R\u00e2mnicu V\u00e2lcea, Romania +40 350 403 006 Sun\u0103 acum rezervare Pensiunea Paradis \u00a0Strada R\u00e2ureni nr.18 ...\" \/>\n<meta property=\"og:url\" content=\"https:\/\/resortparadis.ro\/en\/contact\/\" \/>\n<meta property=\"og:site_name\" content=\"Complex Paradis\" \/>\n<meta property=\"article:modified_time\" content=\"2024-01-03T18:33:17+00:00\" \/>\n<meta name=\"twitter:card\" content=\"summary_large_image\" \/>\n<meta name=\"twitter:label1\" content=\"Estimated reading time\" \/>\n\t<meta name=\"twitter:data1\" content=\"1 minute\" \/>\n<script type=\"application\/ld+json\" class=\"yoast-schema-graph\">{\"@context\":\"https:\/\/schema.org\",\"@graph\":[{\"@type\":\"WebPage\",\"@id\":\"https:\/\/resortparadis.ro\/contact\/\",\"url\":\"https:\/\/resortparadis.ro\/contact\/\",\"name\":\"Contact - Complex Paradis\",\"isPartOf\":{\"@id\":\"https:\/\/resortparadis.ro\/#website\"},\"datePublished\":\"2023-04-24T04:44:41+00:00\",\"dateModified\":\"2024-01-03T18:33:17+00:00\",\"breadcrumb\":{\"@id\":\"https:\/\/resortparadis.ro\/contact\/#breadcrumb\"},\"inLanguage\":\"en-GB\",\"potentialAction\":[{\"@type\":\"ReadAction\",\"target\":[\"https:\/\/resortparadis.ro\/contact\/\"]}]},{\"@type\":\"BreadcrumbList\",\"@id\":\"https:\/\/resortparadis.ro\/contact\/#breadcrumb\",\"itemListElement\":[{\"@type\":\"ListItem\",\"position\":1,\"name\":\"Loca\u021bie pentru evenimente \u00een R\u00e2mnicu V\u00e2lcea. Oferte \u0219i pachete personalizabile. Sal\u0103 pentru nun\u021bi, botezuri, corporate.\",\"item\":\"https:\/\/resortparadis.ro\/\"},{\"@type\":\"ListItem\",\"position\":2,\"name\":\"Contact\"}]},{\"@type\":\"WebSite\",\"@id\":\"https:\/\/resortparadis.ro\/#website\",\"url\":\"https:\/\/resortparadis.ro\/\",\"name\":\"Complex Paradis\",\"description\":\"Hotel - Evenimente - Cofet\u0103rie\",\"publisher\":{\"@id\":\"https:\/\/resortparadis.ro\/#organization\"},\"potentialAction\":[{\"@type\":\"SearchAction\",\"target\":{\"@type\":\"EntryPoint\",\"urlTemplate\":\"https:\/\/resortparadis.ro\/?s={search_term_string}\"},\"query-input\":{\"@type\":\"PropertyValueSpecification\",\"valueRequired\":true,\"valueName\":\"search_term_string\"}}],\"inLanguage\":\"en-GB\"},{\"@type\":\"Organization\",\"@id\":\"https:\/\/resortparadis.ro\/#organization\",\"name\":\"Complex Paradis\",\"url\":\"https:\/\/resortparadis.ro\/\",\"logo\":{\"@type\":\"ImageObject\",\"inLanguage\":\"en-GB\",\"@id\":\"https:\/\/resortparadis.ro\/#\/schema\/logo\/image\/\",\"url\":\"https:\/\/resortparadis.ro\/wp-content\/uploads\/2024\/06\/cropped-paradis-resort-logo-s-white-e1695574663117-edited.png\",\"contentUrl\":\"https:\/\/resortparadis.ro\/wp-content\/uploads\/2024\/06\/cropped-paradis-resort-logo-s-white-e1695574663117-edited.png\",\"width\":885,\"height\":498,\"caption\":\"Complex Paradis\"},\"image\":{\"@id\":\"https:\/\/resortparadis.ro\/#\/schema\/logo\/image\/\"}}]}<\/script>\n<!-- \/ Yoast SEO plugin. -->","yoast_head_json":{"title":"Contact - Complex Paradis","robots":{"index":"index","follow":"follow","max-snippet":"max-snippet:-1","max-image-preview":"max-image-preview:large","max-video-preview":"max-video-preview:-1"},"canonical":"https:\/\/resortparadis.ro\/en\/contact\/","og_locale":"en_GB","og_type":"article","og_title":"Contact - Complex Paradis","og_description":"Contact Trimite-ne un mesaj Numele t\u0103u Adresa de email Subiect Mesajul t\u0103u (optional) Telefon EvenimentCazare &#916; contact Resort Paradis Strada Schitu Troianu 7, R\u00e2mnicu V\u00e2lcea, Romania +40 733 965 667 Sun\u0103 acum Hotel Boutique Hotel Noblesse Strada Schitu Troianu 7, R\u00e2mnicu V\u00e2lcea, Romania +40 350 403 006 Sun\u0103 acum rezervare Pensiunea Paradis \u00a0Strada R\u00e2ureni nr.18 ...","og_url":"https:\/\/resortparadis.ro\/en\/contact\/","og_site_name":"Complex Paradis","article_modified_time":"2024-01-03T18:33:17+00:00","twitter_card":"summary_large_image","twitter_misc":{"Estimated reading time":"1 minute"},"schema":{"@context":"https:\/\/schema.org","@graph":[{"@type":"WebPage","@id":"https:\/\/resortparadis.ro\/contact\/","url":"https:\/\/resortparadis.ro\/contact\/","name":"Contact - Complex Paradis","isPartOf":{"@id":"https:\/\/resortparadis.ro\/#website"},"datePublished":"2023-04-24T04:44:41+00:00","dateModified":"2024-01-03T18:33:17+00:00","breadcrumb":{"@id":"https:\/\/resortparadis.ro\/contact\/#breadcrumb"},"inLanguage":"en-GB","potentialAction":[{"@type":"ReadAction","target":["https:\/\/resortparadis.ro\/contact\/"]}]},{"@type":"BreadcrumbList","@id":"https:\/\/resortparadis.ro\/contact\/#breadcrumb","itemListElement":[{"@type":"ListItem","position":1,"name":"Loca\u021bie pentru evenimente \u00een R\u00e2mnicu V\u00e2lcea. Oferte \u0219i pachete personalizabile. Sal\u0103 pentru nun\u021bi, botezuri, corporate.","item":"https:\/\/resortparadis.ro\/"},{"@type":"ListItem","position":2,"name":"Contact"}]},{"@type":"WebSite","@id":"https:\/\/resortparadis.ro\/#website","url":"https:\/\/resortparadis.ro\/","name":"Complex Paradis","description":"Hotel - Evenimente - Cofet\u0103rie","publisher":{"@id":"https:\/\/resortparadis.ro\/#organization"},"potentialAction":[{"@type":"SearchAction","target":{"@type":"EntryPoint","urlTemplate":"https:\/\/resortparadis.ro\/?s={search_term_string}"},"query-input":{"@type":"PropertyValueSpecification","valueRequired":true,"valueName":"search_term_string"}}],"inLanguage":"en-GB"},{"@type":"Organization","@id":"https:\/\/resortparadis.ro\/#organization","name":"Complex Paradis","url":"https:\/\/resortparadis.ro\/","logo":{"@type":"ImageObject","inLanguage":"en-GB","@id":"https:\/\/resortparadis.ro\/#\/schema\/logo\/image\/","url":"https:\/\/resortparadis.ro\/wp-content\/uploads\/2024\/06\/cropped-paradis-resort-logo-s-white-e1695574663117-edited.png","contentUrl":"https:\/\/resortparadis.ro\/wp-content\/uploads\/2024\/06\/cropped-paradis-resort-logo-s-white-e1695574663117-edited.png","width":885,"height":498,"caption":"Complex Paradis"},"image":{"@id":"https:\/\/resortparadis.ro\/#\/schema\/logo\/image\/"}}]}},"jetpack_sharing_enabled":true,"_links":{"self":[{"href":"https:\/\/resortparadis.ro\/en\/wp-json\/wp\/v2\/pages\/2495","targetHints":{"allow":["GET"]}}],"collection":[{"href":"https:\/\/resortparadis.ro\/en\/wp-json\/wp\/v2\/pages"}],"about":[{"href":"https:\/\/resortparadis.ro\/en\/wp-json\/wp\/v2\/types\/page"}],"author":[{"embeddable":true,"href":"https:\/\/resortparadis.ro\/en\/wp-json\/wp\/v2\/users\/1"}],"replies":[{"embeddable":true,"href":"https:\/\/resortparadis.ro\/en\/wp-json\/wp\/v2\/comments?post=2495"}],"version-history":[{"count":45,"href":"https:\/\/resortparadis.ro\/en\/wp-json\/wp\/v2\/pages\/2495\/revisions"}],"predecessor-version":[{"id":4090,"href":"https:\/\/resortparadis.ro\/en\/wp-json\/wp\/v2\/pages\/2495\/revisions\/4090"}],"wp:attachment":[{"href":"https:\/\/resortparadis.ro\/en\/wp-json\/wp\/v2\/media?parent=2495"}],"curies":[{"name":"wp","href":"https:\/\/api.w.org\/{rel}","templated":true}]}}