{"id":3,"date":"2023-09-19T15:25:51","date_gmt":"2023-09-19T15:25:51","guid":{"rendered":"https:\/\/resortparadis.ro\/?page_id=3"},"modified":"2024-08-30T11:03:47","modified_gmt":"2024-08-30T11:03:47","slug":"termeni-si-conditii","status":"publish","type":"page","link":"https:\/\/resortparadis.ro\/en\/termeni-si-conditii\/","title":{"rendered":"Termeni \u0218i Condi\u021bii"},"content":{"rendered":"<p>V\u0103 mul\u021bumim c\u0103 sunte\u021bi oaspe\u021bii no\u0219tri \u00een toate Restaurantele\/Hotelurile<br>Paradis c\u00e2t \u0219i \u00een aplica\u021bia noastra de mobil !<br>Folosirea acestei aplica\u021bii implic\u0103 acceptarea acestor termeni \u0219i condi\u021bii. Pentru<br>folosirea \u00een cele mai bune condi\u021bii a aplica\u021biei v\u0103 recomand\u0103m citirea cu aten\u021bie a termenilor<br>\u0219i condi\u021biilor. Resort Paradis \u00ee\u0219i rezerv\u0103 dreptul de a face modific\u0103ri ale acestor prevederi<br>f\u0103r\u0103 o notificare prealabil\u0103.<br>Preciz\u0103ri prealabile<br>Pre\u021burile sunt exprimate \u00een Lei cu TVA inclus. (TVA 9% pentru preparatele culinare \u0219i<br>19% pentru b\u0103uturi r\u0103coritoare, deserturi etc.). Preparatele culinare prezentate \u00een aplica\u021bie \u0219i<br>\u00een oferte sunt cu titlu orientativ. Imaginile preparatelor sunt cu titlu informativ, iar anumite<br>caracteristici pot diferi fa\u021b\u0103 de fotografii (culoare, aspect, montare,\u2026). Echipa Resort Paradis<br>v\u0103 prezint\u0103 c\u00e2t mai detaliat \u0219i corect produsele \u0219i respect\u0103 acurate\u021bea informa\u021biilor.<br>Informa\u021bii, comunic\u0103ri<br>Vizitatorii aplica\u021biei de mobil Resort Paradis , pot face comentarii \u0219i orice alte<br>comunicari pe formularele de contact sau pe adresa de e-mail office@paradis.com.ro at\u00e2t<br>timp c\u00e2t con\u021binutul acestora nu este ilegal, obscen, amenin\u021b\u0103tor sau def\u0103im\u0103tor.<br>Orice \u00eencercare de a accesa date personale ale altui utilizator sau de a<br>altera\/modifica con\u021binutul, de a afecta serverul pe care ruleaz\u0103 aplica\u021bia de mobil va fi<br>considerat\u0103 tentativ\u0103 de fraud\u0103. SC LUCICORICOM SRL \u00ee\u0219i rezerv\u0103 dreptul de a pune \u00een<br>mi\u0219care pl\u00e2ngerea penal\u0103 \u00eempotriva celor care au \u00eencercat faptele descrise mai sus.<br>Confiden\u021bialitatea datelor \u0219i securitatea informa\u021biilor<br>Accesarea aplica\u021biei de mobil Resort Paradis implic\u0103 acceptul utilizatorilor ca datele<br>personale s\u0103 fie p\u0103strate \u0219i prelucrate de SC LUCICORICOM SRL . Scopul prelucr\u0103rii<br>acestor date sunt: crearea unei baze de date pentru realizarea de rapoarte statistice,<br>informarea despre orice alte promo\u021bii sau activit\u0103\u021bi desf\u0103\u0219urate de SC LUCICORICOM SRL<br>prin orice mijloace de comunicare ( po\u0219t\u0103, e-mail, telefon, SMS, etc.).<br>SC LUCICORICOM SRL se oblig\u0103 ca datele personale s\u0103 nu fie difuzate c\u0103tre ter\u021bi,<br>excep\u021bie f\u0103c\u00e2nd operatorul de marketing. Pe aplica\u021bia de mobil Resort Paradis utilizatorul<br>este responsabil pentru toate activit\u0103\u021bile care survin prin accesarea contului \u0219i parolei<br>personale.<br>SC LUCICORICOM SRL nu poate fi f\u0103cut\u0103 responsabil\u0103 pentru erorile survenite \u00een<br>urma neglijen\u021bei utilizatorului, privind securitatea \u0219i confiden\u021bialitatea contului \u0219i parolei<br>utilizatorului.<br>Datele personale vor putea fi transmise autorit\u0103\u021bilor \u00een drept, pentru verificarea sau<br>orice verific\u0103ri justificate \u00een baza legii, dac\u0103 acest lucru va fi solicitat \u00een conformitate cu legile<br>\u00een vigoare.<br>SC LUCICORICOM SRL garanteaz\u0103 securitatea \u0219i confiden\u021bialitatea datelor g\u0103zduite<br>\u0219i transmise prin sistemul s\u0103u informatic, dar nu \u00ee\u0219i asum\u0103 responsabilitatea pentru pierderile<br>de informa\u021bii cauzate de orice defec\u021biune sau eroare ale soft-ului (aplica\u021bie de mobil si\/sau<br>platforma de administrare)<br>Litigii<br>SC LUCICORICOM SRL face tot posibilul ca toate ne\u00een\u021belegerile privind orice tip de<br>disput\u0103 \u00eentre p\u0103r\u021bi s\u0103 fie rezolvata pe cale amiabil\u0103 de c\u0103tre reprezentan\u021bii lor . \u00cen cazul \u00een<br>care rezolvarea ne\u00een\u021belegerilor nu este posibil\u0103 pe cale amiabil\u0103, solu\u021bionarea litigiilor va<br>reveni Instan\u021bei Judec\u0103tore\u0219ti competente din Rom\u00e2nia.<br>Dispozi\u021biile finale<br>Dac\u0103 una dintre clauzele de mai sus va fi g\u0103sit\u0103 nul\u0103 sau nevalid\u0103, indiferent de<br>cauz\u0103, aceasta nu va afecta valabilitatea celorlalte clauze. Utilizatorul accept\u0103 f\u0103r\u0103 obiec\u021biuni<br>condi\u021biile \u0219i termenii de utilizare , valoarea acestora fiind aceea\u0219i cu un contract valabil<br>\u00eencheiat .<\/p>","protected":false},"excerpt":{"rendered":"<p>V\u0103 mul\u021bumim c\u0103 sunte\u021bi oaspe\u021bii no\u0219tri \u00een toate Restaurantele\/HotelurileParadis c\u00e2t \u0219i \u00een aplica\u021bia noastra de mobil !Folosirea acestei aplica\u021bii implic\u0103 acceptarea acestor termeni \u0219i condi\u021bii. Pentrufolosirea \u00een cele mai bune condi\u021bii a aplica\u021biei v\u0103 recomand\u0103m citirea cu aten\u021bie a termenilor\u0219i condi\u021biilor. Resort Paradis \u00ee\u0219i rezerv\u0103 dreptul de a face modific\u0103ri ale acestor prevederif\u0103r\u0103 o notificare &#8230;<\/p>","protected":false},"author":1,"featured_media":0,"parent":0,"menu_order":0,"comment_status":"closed","ping_status":"closed","template":"template-wide-content.php","meta":{"cozystay_single_page_hide_site_header":"","cozystay_single_page_site_header_source":"","cozystay_single_page_custom_site_header":"0","cozystay_single_page_custom_sticky_site_header":"0","cozystay_single_page_hide_page_title":"","cozystay_single_page_header_section_size":"","cozystay_single_page_header_background_color":"","cozystay_single_page_header_background_position_x":"center","cozystay_single_page_header_background_position_y":"center","cozystay_single_page_header_background_size":"cover","cozystay_single_page_header_background_repeat":"off","cozystay_single_page_header_background_scroll":"on","cozystay_single_page_header_text_color":"","cozystay_single_page_header_show_breadcrumb":"","cozystay_single_page_site_footer_hide_main":"","cozystay_single_custom_site_footer_main_source":"","cozystay_single_custom_site_footer_main":"0","cozystay_single_page_site_footer_hide_above":"","cozystay_single_custom_site_footer_above_source":"","cozystay_single_custom_site_footer_above":"0","cozystay_single_page_site_footer_hide_instagram":"","cozystay_single_page_site_footer_hide_bottom":"","cozystay_single_custom_mobile_menu_source":"","cozystay_single_custom_mobile_menu":"0","cozystay_single_custom_mobile_menu_animation":"","cozystay_single_custom_mobile_menu_width":"","cozystay_single_custom_mobile_menu_custom_width":375,"footnotes":""},"class_list":["post-3","page","type-page","status-publish","hentry"],"yoast_head":"<!-- This site is optimized with the Yoast SEO plugin v25.5 - https:\/\/yoast.com\/wordpress\/plugins\/seo\/ -->\n<title>Termeni \u0218i Condi\u021bii - Complex Paradis<\/title>\n<meta name=\"robots\" content=\"index, follow, max-snippet:-1, max-image-preview:large, max-video-preview:-1\" \/>\n<link rel=\"canonical\" href=\"https:\/\/resortparadis.ro\/en\/termeni-si-conditii\/\" \/>\n<meta property=\"og:locale\" content=\"en_GB\" \/>\n<meta property=\"og:type\" content=\"article\" \/>\n<meta property=\"og:title\" content=\"Termeni \u0218i Condi\u021bii - Complex Paradis\" \/>\n<meta property=\"og:description\" content=\"V\u0103 mul\u021bumim c\u0103 sunte\u021bi oaspe\u021bii no\u0219tri \u00een toate Restaurantele\/HotelurileParadis c\u00e2t \u0219i \u00een aplica\u021bia noastra de mobil !Folosirea acestei aplica\u021bii implic\u0103 acceptarea acestor termeni \u0219i condi\u021bii. Pentrufolosirea \u00een cele mai bune condi\u021bii a aplica\u021biei v\u0103 recomand\u0103m citirea cu aten\u021bie a termenilor\u0219i condi\u021biilor. Resort Paradis \u00ee\u0219i rezerv\u0103 dreptul de a face modific\u0103ri ale acestor prevederif\u0103r\u0103 o notificare ...\" \/>\n<meta property=\"og:url\" content=\"https:\/\/resortparadis.ro\/en\/termeni-si-conditii\/\" \/>\n<meta property=\"og:site_name\" content=\"Complex Paradis\" \/>\n<meta property=\"article:modified_time\" content=\"2024-08-30T11:03:47+00:00\" \/>\n<meta name=\"twitter:card\" content=\"summary_large_image\" \/>\n<meta name=\"twitter:label1\" content=\"Estimated reading time\" \/>\n\t<meta name=\"twitter:data1\" content=\"3 minutes\" \/>\n<script type=\"application\/ld+json\" class=\"yoast-schema-graph\">{\"@context\":\"https:\/\/schema.org\",\"@graph\":[{\"@type\":\"WebPage\",\"@id\":\"https:\/\/resortparadis.ro\/termeni-si-conditii\/\",\"url\":\"https:\/\/resortparadis.ro\/termeni-si-conditii\/\",\"name\":\"Termeni \u0218i Condi\u021bii - Complex Paradis\",\"isPartOf\":{\"@id\":\"https:\/\/resortparadis.ro\/#website\"},\"datePublished\":\"2023-09-19T15:25:51+00:00\",\"dateModified\":\"2024-08-30T11:03:47+00:00\",\"breadcrumb\":{\"@id\":\"https:\/\/resortparadis.ro\/termeni-si-conditii\/#breadcrumb\"},\"inLanguage\":\"en-GB\",\"potentialAction\":[{\"@type\":\"ReadAction\",\"target\":[\"https:\/\/resortparadis.ro\/termeni-si-conditii\/\"]}]},{\"@type\":\"BreadcrumbList\",\"@id\":\"https:\/\/resortparadis.ro\/termeni-si-conditii\/#breadcrumb\",\"itemListElement\":[{\"@type\":\"ListItem\",\"position\":1,\"name\":\"Loca\u021bie pentru evenimente \u00een R\u00e2mnicu V\u00e2lcea. Oferte \u0219i pachete personalizabile. Sal\u0103 pentru nun\u021bi, botezuri, corporate.\",\"item\":\"https:\/\/resortparadis.ro\/\"},{\"@type\":\"ListItem\",\"position\":2,\"name\":\"Termeni \u0218i Condi\u021bii\"}]},{\"@type\":\"WebSite\",\"@id\":\"https:\/\/resortparadis.ro\/#website\",\"url\":\"https:\/\/resortparadis.ro\/\",\"name\":\"Complex Paradis\",\"description\":\"Hotel - Evenimente - Cofet\u0103rie\",\"publisher\":{\"@id\":\"https:\/\/resortparadis.ro\/#organization\"},\"potentialAction\":[{\"@type\":\"SearchAction\",\"target\":{\"@type\":\"EntryPoint\",\"urlTemplate\":\"https:\/\/resortparadis.ro\/?s={search_term_string}\"},\"query-input\":{\"@type\":\"PropertyValueSpecification\",\"valueRequired\":true,\"valueName\":\"search_term_string\"}}],\"inLanguage\":\"en-GB\"},{\"@type\":\"Organization\",\"@id\":\"https:\/\/resortparadis.ro\/#organization\",\"name\":\"Complex Paradis\",\"url\":\"https:\/\/resortparadis.ro\/\",\"logo\":{\"@type\":\"ImageObject\",\"inLanguage\":\"en-GB\",\"@id\":\"https:\/\/resortparadis.ro\/#\/schema\/logo\/image\/\",\"url\":\"https:\/\/resortparadis.ro\/wp-content\/uploads\/2024\/06\/cropped-paradis-resort-logo-s-white-e1695574663117-edited.png\",\"contentUrl\":\"https:\/\/resortparadis.ro\/wp-content\/uploads\/2024\/06\/cropped-paradis-resort-logo-s-white-e1695574663117-edited.png\",\"width\":885,\"height\":498,\"caption\":\"Complex Paradis\"},\"image\":{\"@id\":\"https:\/\/resortparadis.ro\/#\/schema\/logo\/image\/\"}}]}<\/script>\n<!-- \/ Yoast SEO plugin. -->","yoast_head_json":{"title":"Termeni \u0218i Condi\u021bii - Complex Paradis","robots":{"index":"index","follow":"follow","max-snippet":"max-snippet:-1","max-image-preview":"max-image-preview:large","max-video-preview":"max-video-preview:-1"},"canonical":"https:\/\/resortparadis.ro\/en\/termeni-si-conditii\/","og_locale":"en_GB","og_type":"article","og_title":"Termeni \u0218i Condi\u021bii - Complex Paradis","og_description":"V\u0103 mul\u021bumim c\u0103 sunte\u021bi oaspe\u021bii no\u0219tri \u00een toate Restaurantele\/HotelurileParadis c\u00e2t \u0219i \u00een aplica\u021bia noastra de mobil !Folosirea acestei aplica\u021bii implic\u0103 acceptarea acestor termeni \u0219i condi\u021bii. Pentrufolosirea \u00een cele mai bune condi\u021bii a aplica\u021biei v\u0103 recomand\u0103m citirea cu aten\u021bie a termenilor\u0219i condi\u021biilor. Resort Paradis \u00ee\u0219i rezerv\u0103 dreptul de a face modific\u0103ri ale acestor prevederif\u0103r\u0103 o notificare ...","og_url":"https:\/\/resortparadis.ro\/en\/termeni-si-conditii\/","og_site_name":"Complex Paradis","article_modified_time":"2024-08-30T11:03:47+00:00","twitter_card":"summary_large_image","twitter_misc":{"Estimated reading time":"3 minutes"},"schema":{"@context":"https:\/\/schema.org","@graph":[{"@type":"WebPage","@id":"https:\/\/resortparadis.ro\/termeni-si-conditii\/","url":"https:\/\/resortparadis.ro\/termeni-si-conditii\/","name":"Termeni \u0218i Condi\u021bii - Complex Paradis","isPartOf":{"@id":"https:\/\/resortparadis.ro\/#website"},"datePublished":"2023-09-19T15:25:51+00:00","dateModified":"2024-08-30T11:03:47+00:00","breadcrumb":{"@id":"https:\/\/resortparadis.ro\/termeni-si-conditii\/#breadcrumb"},"inLanguage":"en-GB","potentialAction":[{"@type":"ReadAction","target":["https:\/\/resortparadis.ro\/termeni-si-conditii\/"]}]},{"@type":"BreadcrumbList","@id":"https:\/\/resortparadis.ro\/termeni-si-conditii\/#breadcrumb","itemListElement":[{"@type":"ListItem","position":1,"name":"Loca\u021bie pentru evenimente \u00een R\u00e2mnicu V\u00e2lcea. Oferte \u0219i pachete personalizabile. Sal\u0103 pentru nun\u021bi, botezuri, corporate.","item":"https:\/\/resortparadis.ro\/"},{"@type":"ListItem","position":2,"name":"Termeni \u0218i Condi\u021bii"}]},{"@type":"WebSite","@id":"https:\/\/resortparadis.ro\/#website","url":"https:\/\/resortparadis.ro\/","name":"Complex Paradis","description":"Hotel - Evenimente - Cofet\u0103rie","publisher":{"@id":"https:\/\/resortparadis.ro\/#organization"},"potentialAction":[{"@type":"SearchAction","target":{"@type":"EntryPoint","urlTemplate":"https:\/\/resortparadis.ro\/?s={search_term_string}"},"query-input":{"@type":"PropertyValueSpecification","valueRequired":true,"valueName":"search_term_string"}}],"inLanguage":"en-GB"},{"@type":"Organization","@id":"https:\/\/resortparadis.ro\/#organization","name":"Complex Paradis","url":"https:\/\/resortparadis.ro\/","logo":{"@type":"ImageObject","inLanguage":"en-GB","@id":"https:\/\/resortparadis.ro\/#\/schema\/logo\/image\/","url":"https:\/\/resortparadis.ro\/wp-content\/uploads\/2024\/06\/cropped-paradis-resort-logo-s-white-e1695574663117-edited.png","contentUrl":"https:\/\/resortparadis.ro\/wp-content\/uploads\/2024\/06\/cropped-paradis-resort-logo-s-white-e1695574663117-edited.png","width":885,"height":498,"caption":"Complex Paradis"},"image":{"@id":"https:\/\/resortparadis.ro\/#\/schema\/logo\/image\/"}}]}},"jetpack_sharing_enabled":true,"_links":{"self":[{"href":"https:\/\/resortparadis.ro\/en\/wp-json\/wp\/v2\/pages\/3","targetHints":{"allow":["GET"]}}],"collection":[{"href":"https:\/\/resortparadis.ro\/en\/wp-json\/wp\/v2\/pages"}],"about":[{"href":"https:\/\/resortparadis.ro\/en\/wp-json\/wp\/v2\/types\/page"}],"author":[{"embeddable":true,"href":"https:\/\/resortparadis.ro\/en\/wp-json\/wp\/v2\/users\/1"}],"replies":[{"embeddable":true,"href":"https:\/\/resortparadis.ro\/en\/wp-json\/wp\/v2\/comments?post=3"}],"version-history":[{"count":3,"href":"https:\/\/resortparadis.ro\/en\/wp-json\/wp\/v2\/pages\/3\/revisions"}],"predecessor-version":[{"id":4494,"href":"https:\/\/resortparadis.ro\/en\/wp-json\/wp\/v2\/pages\/3\/revisions\/4494"}],"wp:attachment":[{"href":"https:\/\/resortparadis.ro\/en\/wp-json\/wp\/v2\/media?parent=3"}],"curies":[{"name":"wp","href":"https:\/\/api.w.org\/{rel}","templated":true}]}}