{"id":4161,"date":"2024-01-30T17:36:06","date_gmt":"2024-01-30T17:36:06","guid":{"rendered":"https:\/\/resortparadis.ro\/?page_id=4161"},"modified":"2024-01-30T18:55:16","modified_gmt":"2024-01-30T18:55:16","slug":"bilete","status":"publish","type":"page","link":"https:\/\/resortparadis.ro\/en\/bilete\/","title":{"rendered":"Bilete"},"content":{"rendered":"<div data-elementor-type=\"wp-page\" data-elementor-id=\"4161\" class=\"elementor elementor-4161\">\n\t\t\t\t\t\t<section class=\"elementor-section elementor-top-section elementor-element elementor-element-c61d765 elementor-section-height-min-height cs-section-content-fullwidth cs-parallax-on-scroll cs_scroll_y_80 elementor-section-boxed elementor-section-height-default elementor-section-items-middle\" data-id=\"c61d765\" data-element_type=\"section\" data-settings=\"{&quot;background_background&quot;:&quot;classic&quot;,&quot;shape_divider_bottom&quot;:&quot;mountains&quot;}\" data-cs-parallax-y=\"80\" style=\"background-image: none;\" data-cs-background-image=\"https:\/\/resortparadis.ro\/wp-content\/uploads\/2023\/10\/MNC_2491-3-1-scaled-1.webp\">\n\t\t\t\t\t\t\t<div class=\"elementor-background-overlay\"><\/div>\n\t\t\t\t\t\t<div class=\"elementor-shape elementor-shape-bottom\" aria-hidden=\"true\" data-negative=\"false\">\n\t\t\t<svg xmlns=\"http:\/\/www.w3.org\/2000\/svg\" viewbox=\"0 0 1000 100\" preserveaspectratio=\"none\">\n\t<path class=\"elementor-shape-fill\" opacity=\"0.33\" d=\"M473,67.3c-203.9,88.3-263.1-34-320.3,0C66,119.1,0,59.7,0,59.7V0h1000v59.7 c0,0-62.1,26.1-94.9,29.3c-32.8,3.3-62.8-12.3-75.8-22.1C806,49.6,745.3,8.7,694.9,4.7S492.4,59,473,67.3z\"\/>\n\t<path class=\"elementor-shape-fill\" opacity=\"0.66\" d=\"M734,67.3c-45.5,0-77.2-23.2-129.1-39.1c-28.6-8.7-150.3-10.1-254,39.1 s-91.7-34.4-149.2,0C115.7,118.3,0,39.8,0,39.8V0h1000v36.5c0,0-28.2-18.5-92.1-18.5C810.2,18.1,775.7,67.3,734,67.3z\"\/>\n\t<path class=\"elementor-shape-fill\" d=\"M766.1,28.9c-200-57.5-266,65.5-395.1,19.5C242,1.8,242,5.4,184.8,20.6C128,35.8,132.3,44.9,89.9,52.5C28.6,63.7,0,0,0,0 h1000c0,0-9.9,40.9-83.6,48.1S829.6,47,766.1,28.9z\"\/>\n<\/svg>\t\t<\/div>\n\t\t\t\t\t<div class=\"elementor-container elementor-column-gap-no\">\n\t\t\t\t\t<div class=\"elementor-column elementor-col-100 elementor-top-column elementor-element elementor-element-c5ee356 dark-color\" data-id=\"c5ee356\" data-element_type=\"column\">\n\t\t\t<div class=\"elementor-widget-wrap elementor-element-populated\">\n\t\t\t\t\t\t<div class=\"elementor-element elementor-element-ff2493f elementor-widget elementor-widget-cs_title\" data-id=\"ff2493f\" data-element_type=\"widget\" data-widget_type=\"cs_title.default\">\n\t\t\t\t<div class=\"elementor-widget-container\">\n\t\t\t\t\t\n        <div class=\"cs-title-wrap text-center\">\t            <h1 class=\"cs-title\">\n\t                Bilete evenimente\t            <\/h1>\t            <div class=\"cs-title-text\">\n\t                <p>By Resort Paradis<\/p>\t            <\/div>        <\/div>\t\t\t\t<\/div>\n\t\t\t\t<\/div>\n\t\t\t\t\t<\/div>\n\t\t<\/div>\n\t\t\t\t\t<\/div>\n\t\t<\/section>\n\t\t<div class=\"elementor-element elementor-element-f64030b e-flex e-con-boxed e-con e-parent\" data-id=\"f64030b\" data-element_type=\"container\">\n\t\t\t\t\t<div class=\"e-con-inner\">\n\t\t\t\t\t<\/div>\n\t\t\t\t<\/div>\n\t\t\t\t<\/div>","protected":false},"excerpt":{"rendered":"<p>Bilete evenimente By Resort Paradis V\u00e2nzare! Cumpar\u0103 Acum Chef de chef de DRAGOBETE 139.00&nbsp;lei 100.00&nbsp;lei<\/p>","protected":false},"author":1,"featured_media":0,"parent":0,"menu_order":0,"comment_status":"closed","ping_status":"closed","template":"elementor_header_footer","meta":{"cozystay_single_page_hide_site_header":"","cozystay_single_page_site_header_source":"","cozystay_single_page_custom_site_header":"0","cozystay_single_page_custom_sticky_site_header":"0","cozystay_single_page_hide_page_title":"","cozystay_single_page_header_section_size":"","cozystay_single_page_header_background_color":"","cozystay_single_page_header_background_position_x":"center","cozystay_single_page_header_background_position_y":"center","cozystay_single_page_header_background_size":"cover","cozystay_single_page_header_background_repeat":"off","cozystay_single_page_header_background_scroll":"on","cozystay_single_page_header_text_color":"","cozystay_single_page_header_show_breadcrumb":"","cozystay_single_page_site_footer_hide_main":"","cozystay_single_custom_site_footer_main_source":"","cozystay_single_custom_site_footer_main":"0","cozystay_single_page_site_footer_hide_above":"","cozystay_single_custom_site_footer_above_source":"","cozystay_single_custom_site_footer_above":"0","cozystay_single_page_site_footer_hide_instagram":"","cozystay_single_page_site_footer_hide_bottom":"","cozystay_single_custom_mobile_menu_source":"","cozystay_single_custom_mobile_menu":"0","cozystay_single_custom_mobile_menu_animation":"","cozystay_single_custom_mobile_menu_width":"","cozystay_single_custom_mobile_menu_custom_width":375,"footnotes":""},"class_list":["post-4161","page","type-page","status-publish","hentry"],"yoast_head":"<!-- This site is optimized with the Yoast SEO plugin v25.5 - https:\/\/yoast.com\/wordpress\/plugins\/seo\/ -->\n<title>Bilete - Complex Paradis<\/title>\n<meta name=\"robots\" content=\"index, follow, max-snippet:-1, max-image-preview:large, max-video-preview:-1\" \/>\n<link rel=\"canonical\" href=\"https:\/\/resortparadis.ro\/en\/bilete\/\" \/>\n<meta property=\"og:locale\" content=\"en_GB\" \/>\n<meta property=\"og:type\" content=\"article\" \/>\n<meta property=\"og:title\" content=\"Bilete - Complex Paradis\" \/>\n<meta property=\"og:description\" content=\"Bilete evenimente By Resort Paradis V\u00e2nzare! Cumpar\u0103 Acum Chef de chef de DRAGOBETE 139.00&nbsp;lei 100.00&nbsp;lei\" \/>\n<meta property=\"og:url\" content=\"https:\/\/resortparadis.ro\/en\/bilete\/\" \/>\n<meta property=\"og:site_name\" content=\"Complex Paradis\" \/>\n<meta property=\"article:modified_time\" content=\"2024-01-30T18:55:16+00:00\" \/>\n<meta property=\"og:image\" content=\"https:\/\/resortparadis.ro\/wp-content\/uploads\/2024\/01\/a3675ecf-6b86-4d32-a2ca-5d0f8aedf872-300x300.jpg\" \/>\n<meta name=\"twitter:card\" content=\"summary_large_image\" \/>\n<meta name=\"twitter:label1\" content=\"Estimated reading time\" \/>\n\t<meta name=\"twitter:data1\" content=\"1 minute\" \/>\n<script type=\"application\/ld+json\" class=\"yoast-schema-graph\">{\"@context\":\"https:\/\/schema.org\",\"@graph\":[{\"@type\":\"WebPage\",\"@id\":\"https:\/\/resortparadis.ro\/bilete\/\",\"url\":\"https:\/\/resortparadis.ro\/bilete\/\",\"name\":\"Bilete - Complex Paradis\",\"isPartOf\":{\"@id\":\"https:\/\/resortparadis.ro\/#website\"},\"primaryImageOfPage\":{\"@id\":\"https:\/\/resortparadis.ro\/bilete\/#primaryimage\"},\"image\":{\"@id\":\"https:\/\/resortparadis.ro\/bilete\/#primaryimage\"},\"thumbnailUrl\":\"https:\/\/resortparadis.ro\/wp-content\/uploads\/2024\/01\/a3675ecf-6b86-4d32-a2ca-5d0f8aedf872-300x300.jpg\",\"datePublished\":\"2024-01-30T17:36:06+00:00\",\"dateModified\":\"2024-01-30T18:55:16+00:00\",\"breadcrumb\":{\"@id\":\"https:\/\/resortparadis.ro\/bilete\/#breadcrumb\"},\"inLanguage\":\"en-GB\",\"potentialAction\":[{\"@type\":\"ReadAction\",\"target\":[\"https:\/\/resortparadis.ro\/bilete\/\"]}]},{\"@type\":\"ImageObject\",\"inLanguage\":\"en-GB\",\"@id\":\"https:\/\/resortparadis.ro\/bilete\/#primaryimage\",\"url\":\"https:\/\/resortparadis.ro\/wp-content\/uploads\/2024\/01\/a3675ecf-6b86-4d32-a2ca-5d0f8aedf872-300x300.jpg\",\"contentUrl\":\"https:\/\/resortparadis.ro\/wp-content\/uploads\/2024\/01\/a3675ecf-6b86-4d32-a2ca-5d0f8aedf872-300x300.jpg\"},{\"@type\":\"BreadcrumbList\",\"@id\":\"https:\/\/resortparadis.ro\/bilete\/#breadcrumb\",\"itemListElement\":[{\"@type\":\"ListItem\",\"position\":1,\"name\":\"Loca\u021bie pentru evenimente \u00een R\u00e2mnicu V\u00e2lcea. Oferte \u0219i pachete personalizabile. Sal\u0103 pentru nun\u021bi, botezuri, corporate.\",\"item\":\"https:\/\/resortparadis.ro\/\"},{\"@type\":\"ListItem\",\"position\":2,\"name\":\"Bilete\"}]},{\"@type\":\"WebSite\",\"@id\":\"https:\/\/resortparadis.ro\/#website\",\"url\":\"https:\/\/resortparadis.ro\/\",\"name\":\"Complex Paradis\",\"description\":\"Hotel - Evenimente - Cofet\u0103rie\",\"publisher\":{\"@id\":\"https:\/\/resortparadis.ro\/#organization\"},\"potentialAction\":[{\"@type\":\"SearchAction\",\"target\":{\"@type\":\"EntryPoint\",\"urlTemplate\":\"https:\/\/resortparadis.ro\/?s={search_term_string}\"},\"query-input\":{\"@type\":\"PropertyValueSpecification\",\"valueRequired\":true,\"valueName\":\"search_term_string\"}}],\"inLanguage\":\"en-GB\"},{\"@type\":\"Organization\",\"@id\":\"https:\/\/resortparadis.ro\/#organization\",\"name\":\"Complex Paradis\",\"url\":\"https:\/\/resortparadis.ro\/\",\"logo\":{\"@type\":\"ImageObject\",\"inLanguage\":\"en-GB\",\"@id\":\"https:\/\/resortparadis.ro\/#\/schema\/logo\/image\/\",\"url\":\"https:\/\/resortparadis.ro\/wp-content\/uploads\/2024\/06\/cropped-paradis-resort-logo-s-white-e1695574663117-edited.png\",\"contentUrl\":\"https:\/\/resortparadis.ro\/wp-content\/uploads\/2024\/06\/cropped-paradis-resort-logo-s-white-e1695574663117-edited.png\",\"width\":885,\"height\":498,\"caption\":\"Complex Paradis\"},\"image\":{\"@id\":\"https:\/\/resortparadis.ro\/#\/schema\/logo\/image\/\"}}]}<\/script>\n<!-- \/ Yoast SEO plugin. -->","yoast_head_json":{"title":"Bilete - Complex Paradis","robots":{"index":"index","follow":"follow","max-snippet":"max-snippet:-1","max-image-preview":"max-image-preview:large","max-video-preview":"max-video-preview:-1"},"canonical":"https:\/\/resortparadis.ro\/en\/bilete\/","og_locale":"en_GB","og_type":"article","og_title":"Bilete - Complex Paradis","og_description":"Bilete evenimente By Resort Paradis V\u00e2nzare! Cumpar\u0103 Acum Chef de chef de DRAGOBETE 139.00&nbsp;lei 100.00&nbsp;lei","og_url":"https:\/\/resortparadis.ro\/en\/bilete\/","og_site_name":"Complex Paradis","article_modified_time":"2024-01-30T18:55:16+00:00","og_image":[{"url":"https:\/\/resortparadis.ro\/wp-content\/uploads\/2024\/01\/a3675ecf-6b86-4d32-a2ca-5d0f8aedf872-300x300.jpg","type":"","width":"","height":""}],"twitter_card":"summary_large_image","twitter_misc":{"Estimated reading time":"1 minute"},"schema":{"@context":"https:\/\/schema.org","@graph":[{"@type":"WebPage","@id":"https:\/\/resortparadis.ro\/bilete\/","url":"https:\/\/resortparadis.ro\/bilete\/","name":"Bilete - Complex Paradis","isPartOf":{"@id":"https:\/\/resortparadis.ro\/#website"},"primaryImageOfPage":{"@id":"https:\/\/resortparadis.ro\/bilete\/#primaryimage"},"image":{"@id":"https:\/\/resortparadis.ro\/bilete\/#primaryimage"},"thumbnailUrl":"https:\/\/resortparadis.ro\/wp-content\/uploads\/2024\/01\/a3675ecf-6b86-4d32-a2ca-5d0f8aedf872-300x300.jpg","datePublished":"2024-01-30T17:36:06+00:00","dateModified":"2024-01-30T18:55:16+00:00","breadcrumb":{"@id":"https:\/\/resortparadis.ro\/bilete\/#breadcrumb"},"inLanguage":"en-GB","potentialAction":[{"@type":"ReadAction","target":["https:\/\/resortparadis.ro\/bilete\/"]}]},{"@type":"ImageObject","inLanguage":"en-GB","@id":"https:\/\/resortparadis.ro\/bilete\/#primaryimage","url":"https:\/\/resortparadis.ro\/wp-content\/uploads\/2024\/01\/a3675ecf-6b86-4d32-a2ca-5d0f8aedf872-300x300.jpg","contentUrl":"https:\/\/resortparadis.ro\/wp-content\/uploads\/2024\/01\/a3675ecf-6b86-4d32-a2ca-5d0f8aedf872-300x300.jpg"},{"@type":"BreadcrumbList","@id":"https:\/\/resortparadis.ro\/bilete\/#breadcrumb","itemListElement":[{"@type":"ListItem","position":1,"name":"Loca\u021bie pentru evenimente \u00een R\u00e2mnicu V\u00e2lcea. Oferte \u0219i pachete personalizabile. Sal\u0103 pentru nun\u021bi, botezuri, corporate.","item":"https:\/\/resortparadis.ro\/"},{"@type":"ListItem","position":2,"name":"Bilete"}]},{"@type":"WebSite","@id":"https:\/\/resortparadis.ro\/#website","url":"https:\/\/resortparadis.ro\/","name":"Complex Paradis","description":"Hotel - Evenimente - Cofet\u0103rie","publisher":{"@id":"https:\/\/resortparadis.ro\/#organization"},"potentialAction":[{"@type":"SearchAction","target":{"@type":"EntryPoint","urlTemplate":"https:\/\/resortparadis.ro\/?s={search_term_string}"},"query-input":{"@type":"PropertyValueSpecification","valueRequired":true,"valueName":"search_term_string"}}],"inLanguage":"en-GB"},{"@type":"Organization","@id":"https:\/\/resortparadis.ro\/#organization","name":"Complex Paradis","url":"https:\/\/resortparadis.ro\/","logo":{"@type":"ImageObject","inLanguage":"en-GB","@id":"https:\/\/resortparadis.ro\/#\/schema\/logo\/image\/","url":"https:\/\/resortparadis.ro\/wp-content\/uploads\/2024\/06\/cropped-paradis-resort-logo-s-white-e1695574663117-edited.png","contentUrl":"https:\/\/resortparadis.ro\/wp-content\/uploads\/2024\/06\/cropped-paradis-resort-logo-s-white-e1695574663117-edited.png","width":885,"height":498,"caption":"Complex Paradis"},"image":{"@id":"https:\/\/resortparadis.ro\/#\/schema\/logo\/image\/"}}]}},"jetpack_sharing_enabled":true,"_links":{"self":[{"href":"https:\/\/resortparadis.ro\/en\/wp-json\/wp\/v2\/pages\/4161","targetHints":{"allow":["GET"]}}],"collection":[{"href":"https:\/\/resortparadis.ro\/en\/wp-json\/wp\/v2\/pages"}],"about":[{"href":"https:\/\/resortparadis.ro\/en\/wp-json\/wp\/v2\/types\/page"}],"author":[{"embeddable":true,"href":"https:\/\/resortparadis.ro\/en\/wp-json\/wp\/v2\/users\/1"}],"replies":[{"embeddable":true,"href":"https:\/\/resortparadis.ro\/en\/wp-json\/wp\/v2\/comments?post=4161"}],"version-history":[{"count":19,"href":"https:\/\/resortparadis.ro\/en\/wp-json\/wp\/v2\/pages\/4161\/revisions"}],"predecessor-version":[{"id":4206,"href":"https:\/\/resortparadis.ro\/en\/wp-json\/wp\/v2\/pages\/4161\/revisions\/4206"}],"wp:attachment":[{"href":"https:\/\/resortparadis.ro\/en\/wp-json\/wp\/v2\/media?parent=4161"}],"curies":[{"name":"wp","href":"https:\/\/api.w.org\/{rel}","templated":true}]}}