{"id":5225,"date":"2025-10-23T18:25:56","date_gmt":"2025-10-23T18:25:56","guid":{"rendered":"https:\/\/resortparadis.ro\/?page_id=5225"},"modified":"2025-10-23T18:26:59","modified_gmt":"2025-10-23T18:26:59","slug":"rezerva-o-camera","status":"publish","type":"page","link":"https:\/\/resortparadis.ro\/en\/rezerva-o-camera\/","title":{"rendered":"Rezerva o camera"},"content":{"rendered":"<div id=\"hotel-availability-search\">\n                            <h3>C\u0103utare disponibilitate camere hotel<\/h3>\n                        \n            <form id=\"hotel-availability-form\" autocomplete=\"off\" action=\"\">\n                <div class=\"search-row\">\n                    <div class=\"search-field\">\n                        <label for=\"start_date\">Data check-in:<\/label>\n                        <input type=\"date\" value=\"\" name=\"start_date\" id=\"start_date\" autocomplete=\"off\" required>\n                    <\/div>\n                    \n                    <div class=\"search-field\">\n                        <label for=\"end_date\">Data check-out:<\/label>\n                        <input type=\"date\" value=\"\" name=\"end_date\" id=\"end_date\" autocomplete=\"off\" required>\n                    <\/div>\n                <\/div>\n                \n                <div class=\"search-row\">\n                    <div class=\"search-field\">\n                        <label for=\"adults\">Adul\u021bi:<\/label>\n                        <select name=\"adults\" id=\"adults\" required>\n                                                            <option value=\"1\" >1<\/option>\n                                                            <option value=\"2\"  selected='selected'>2<\/option>\n                                                            <option value=\"3\" >3<\/option>\n                                                            <option value=\"4\" >4<\/option>\n                                                            <option value=\"5\" >5<\/option>\n                                                            <option value=\"6\" >6<\/option>\n                                                            <option value=\"7\" >7<\/option>\n                                                            <option value=\"8\" >8<\/option>\n                                                    <\/select>\n                    <\/div>\n                    \n                    <div class=\"search-field\">\n                        <label for=\"kids\">Copii:<\/label>\n                        <select name=\"kids\" id=\"kids\">\n                                                            <option value=\"0\"  selected='selected'>0<\/option>\n                                                            <option value=\"1\" >1<\/option>\n                                                            <option value=\"2\" >2<\/option>\n                                                            <option value=\"3\" >3<\/option>\n                                                            <option value=\"4\" >4<\/option>\n                                                    <\/select>\n                    <\/div>\n                    \n                    <div class=\"search-field\">\n                        <label for=\"number_of_rooms\">Num\u0103r de camere:<\/label>\n                        <select name=\"number_of_rooms\" id=\"number_of_rooms\" required>\n                                                            <option value=\"1\"  selected='selected'>1<\/option>\n                                                            <option value=\"2\" >2<\/option>\n                                                            <option value=\"3\" >3<\/option>\n                                                            <option value=\"4\" >4<\/option>\n                                                            <option value=\"5\" >5<\/option>\n                                                    <\/select>\n                    <\/div>\n                <\/div>\n                \n                <div class=\"search-actions\">\n                    <button type=\"submit\" class=\"search-btn\">Caut\u0103 camere disponibile<\/button>\n                    <button type=\"button\" class=\"reset-btn\" style=\"display: none;\">Modifica cautarea<\/button>\n                <\/div>\n            <input type=\"hidden\" name=\"trp-form-language\" value=\"en\"\/><\/form>\n            \n            <div id=\"search-loading\" style=\"display: none;\">\n                <p>Se caut\u0103 camere disponibile...<\/p>\n            <\/div>\n            \n            <div id=\"search-results\"><\/div>\n    <\/div>","protected":false},"excerpt":{"rendered":"","protected":false},"author":1,"featured_media":0,"parent":0,"menu_order":0,"comment_status":"closed","ping_status":"closed","template":"template-wide-content.php","meta":{"cozystay_single_page_hide_site_header":"","cozystay_single_page_site_header_source":"","cozystay_single_page_custom_site_header":"0","cozystay_single_page_custom_sticky_site_header":"0","cozystay_single_page_hide_page_title":"","cozystay_single_page_header_section_size":"","cozystay_single_page_header_background_color":"","cozystay_single_page_header_background_position_x":"center","cozystay_single_page_header_background_position_y":"center","cozystay_single_page_header_background_size":"cover","cozystay_single_page_header_background_repeat":"off","cozystay_single_page_header_background_scroll":"on","cozystay_single_page_header_text_color":"","cozystay_single_page_header_show_breadcrumb":"","cozystay_single_page_site_footer_hide_main":"","cozystay_single_custom_site_footer_main_source":"","cozystay_single_custom_site_footer_main":"0","cozystay_single_page_site_footer_hide_above":"","cozystay_single_custom_site_footer_above_source":"","cozystay_single_custom_site_footer_above":"0","cozystay_single_page_site_footer_hide_instagram":"","cozystay_single_page_site_footer_hide_bottom":"","cozystay_single_custom_mobile_menu_source":"","cozystay_single_custom_mobile_menu":"0","cozystay_single_custom_mobile_menu_animation":"","cozystay_single_custom_mobile_menu_width":"","cozystay_single_custom_mobile_menu_custom_width":375,"footnotes":""},"class_list":["post-5225","page","type-page","status-publish","hentry"],"yoast_head":"<!-- This site is optimized with the Yoast SEO plugin v25.5 - https:\/\/yoast.com\/wordpress\/plugins\/seo\/ -->\n<title>Rezerva o camera - Complex Paradis<\/title>\n<meta name=\"robots\" content=\"index, follow, max-snippet:-1, max-image-preview:large, max-video-preview:-1\" \/>\n<link rel=\"canonical\" href=\"https:\/\/resortparadis.ro\/en\/rezerva-o-camera\/\" \/>\n<meta property=\"og:locale\" content=\"en_GB\" \/>\n<meta property=\"og:type\" content=\"article\" \/>\n<meta property=\"og:title\" content=\"Rezerva o camera - Complex Paradis\" \/>\n<meta property=\"og:url\" content=\"https:\/\/resortparadis.ro\/en\/rezerva-o-camera\/\" \/>\n<meta property=\"og:site_name\" content=\"Complex Paradis\" \/>\n<meta property=\"article:modified_time\" content=\"2025-10-23T18:26:59+00:00\" \/>\n<meta name=\"twitter:card\" content=\"summary_large_image\" \/>\n<meta name=\"twitter:label1\" content=\"Estimated reading time\" \/>\n\t<meta name=\"twitter:data1\" content=\"1 minute\" \/>\n<script type=\"application\/ld+json\" class=\"yoast-schema-graph\">{\"@context\":\"https:\/\/schema.org\",\"@graph\":[{\"@type\":\"WebPage\",\"@id\":\"https:\/\/resortparadis.ro\/rezerva-o-camera\/\",\"url\":\"https:\/\/resortparadis.ro\/rezerva-o-camera\/\",\"name\":\"Rezerva o camera - Complex Paradis\",\"isPartOf\":{\"@id\":\"https:\/\/resortparadis.ro\/#website\"},\"datePublished\":\"2025-10-23T18:25:56+00:00\",\"dateModified\":\"2025-10-23T18:26:59+00:00\",\"breadcrumb\":{\"@id\":\"https:\/\/resortparadis.ro\/rezerva-o-camera\/#breadcrumb\"},\"inLanguage\":\"en-GB\",\"potentialAction\":[{\"@type\":\"ReadAction\",\"target\":[\"https:\/\/resortparadis.ro\/rezerva-o-camera\/\"]}]},{\"@type\":\"BreadcrumbList\",\"@id\":\"https:\/\/resortparadis.ro\/rezerva-o-camera\/#breadcrumb\",\"itemListElement\":[{\"@type\":\"ListItem\",\"position\":1,\"name\":\"Loca\u021bie pentru evenimente \u00een R\u00e2mnicu V\u00e2lcea. Oferte \u0219i pachete personalizabile. Sal\u0103 pentru nun\u021bi, botezuri, corporate.\",\"item\":\"https:\/\/resortparadis.ro\/\"},{\"@type\":\"ListItem\",\"position\":2,\"name\":\"Rezerva o camera\"}]},{\"@type\":\"WebSite\",\"@id\":\"https:\/\/resortparadis.ro\/#website\",\"url\":\"https:\/\/resortparadis.ro\/\",\"name\":\"Complex Paradis\",\"description\":\"Hotel - Evenimente - Cofet\u0103rie\",\"publisher\":{\"@id\":\"https:\/\/resortparadis.ro\/#organization\"},\"potentialAction\":[{\"@type\":\"SearchAction\",\"target\":{\"@type\":\"EntryPoint\",\"urlTemplate\":\"https:\/\/resortparadis.ro\/?s={search_term_string}\"},\"query-input\":{\"@type\":\"PropertyValueSpecification\",\"valueRequired\":true,\"valueName\":\"search_term_string\"}}],\"inLanguage\":\"en-GB\"},{\"@type\":\"Organization\",\"@id\":\"https:\/\/resortparadis.ro\/#organization\",\"name\":\"Complex Paradis\",\"url\":\"https:\/\/resortparadis.ro\/\",\"logo\":{\"@type\":\"ImageObject\",\"inLanguage\":\"en-GB\",\"@id\":\"https:\/\/resortparadis.ro\/#\/schema\/logo\/image\/\",\"url\":\"https:\/\/resortparadis.ro\/wp-content\/uploads\/2024\/06\/cropped-paradis-resort-logo-s-white-e1695574663117-edited.png\",\"contentUrl\":\"https:\/\/resortparadis.ro\/wp-content\/uploads\/2024\/06\/cropped-paradis-resort-logo-s-white-e1695574663117-edited.png\",\"width\":885,\"height\":498,\"caption\":\"Complex Paradis\"},\"image\":{\"@id\":\"https:\/\/resortparadis.ro\/#\/schema\/logo\/image\/\"}}]}<\/script>\n<!-- \/ Yoast SEO plugin. -->","yoast_head_json":{"title":"Rezerva o camera - Complex Paradis","robots":{"index":"index","follow":"follow","max-snippet":"max-snippet:-1","max-image-preview":"max-image-preview:large","max-video-preview":"max-video-preview:-1"},"canonical":"https:\/\/resortparadis.ro\/en\/rezerva-o-camera\/","og_locale":"en_GB","og_type":"article","og_title":"Rezerva o camera - Complex Paradis","og_url":"https:\/\/resortparadis.ro\/en\/rezerva-o-camera\/","og_site_name":"Complex Paradis","article_modified_time":"2025-10-23T18:26:59+00:00","twitter_card":"summary_large_image","twitter_misc":{"Estimated reading time":"1 minute"},"schema":{"@context":"https:\/\/schema.org","@graph":[{"@type":"WebPage","@id":"https:\/\/resortparadis.ro\/rezerva-o-camera\/","url":"https:\/\/resortparadis.ro\/rezerva-o-camera\/","name":"Rezerva o camera - Complex Paradis","isPartOf":{"@id":"https:\/\/resortparadis.ro\/#website"},"datePublished":"2025-10-23T18:25:56+00:00","dateModified":"2025-10-23T18:26:59+00:00","breadcrumb":{"@id":"https:\/\/resortparadis.ro\/rezerva-o-camera\/#breadcrumb"},"inLanguage":"en-GB","potentialAction":[{"@type":"ReadAction","target":["https:\/\/resortparadis.ro\/rezerva-o-camera\/"]}]},{"@type":"BreadcrumbList","@id":"https:\/\/resortparadis.ro\/rezerva-o-camera\/#breadcrumb","itemListElement":[{"@type":"ListItem","position":1,"name":"Loca\u021bie pentru evenimente \u00een R\u00e2mnicu V\u00e2lcea. Oferte \u0219i pachete personalizabile. Sal\u0103 pentru nun\u021bi, botezuri, corporate.","item":"https:\/\/resortparadis.ro\/"},{"@type":"ListItem","position":2,"name":"Rezerva o camera"}]},{"@type":"WebSite","@id":"https:\/\/resortparadis.ro\/#website","url":"https:\/\/resortparadis.ro\/","name":"Complex Paradis","description":"Hotel - Evenimente - Cofet\u0103rie","publisher":{"@id":"https:\/\/resortparadis.ro\/#organization"},"potentialAction":[{"@type":"SearchAction","target":{"@type":"EntryPoint","urlTemplate":"https:\/\/resortparadis.ro\/?s={search_term_string}"},"query-input":{"@type":"PropertyValueSpecification","valueRequired":true,"valueName":"search_term_string"}}],"inLanguage":"en-GB"},{"@type":"Organization","@id":"https:\/\/resortparadis.ro\/#organization","name":"Complex Paradis","url":"https:\/\/resortparadis.ro\/","logo":{"@type":"ImageObject","inLanguage":"en-GB","@id":"https:\/\/resortparadis.ro\/#\/schema\/logo\/image\/","url":"https:\/\/resortparadis.ro\/wp-content\/uploads\/2024\/06\/cropped-paradis-resort-logo-s-white-e1695574663117-edited.png","contentUrl":"https:\/\/resortparadis.ro\/wp-content\/uploads\/2024\/06\/cropped-paradis-resort-logo-s-white-e1695574663117-edited.png","width":885,"height":498,"caption":"Complex Paradis"},"image":{"@id":"https:\/\/resortparadis.ro\/#\/schema\/logo\/image\/"}}]}},"jetpack_sharing_enabled":true,"_links":{"self":[{"href":"https:\/\/resortparadis.ro\/en\/wp-json\/wp\/v2\/pages\/5225","targetHints":{"allow":["GET"]}}],"collection":[{"href":"https:\/\/resortparadis.ro\/en\/wp-json\/wp\/v2\/pages"}],"about":[{"href":"https:\/\/resortparadis.ro\/en\/wp-json\/wp\/v2\/types\/page"}],"author":[{"embeddable":true,"href":"https:\/\/resortparadis.ro\/en\/wp-json\/wp\/v2\/users\/1"}],"replies":[{"embeddable":true,"href":"https:\/\/resortparadis.ro\/en\/wp-json\/wp\/v2\/comments?post=5225"}],"version-history":[{"count":1,"href":"https:\/\/resortparadis.ro\/en\/wp-json\/wp\/v2\/pages\/5225\/revisions"}],"predecessor-version":[{"id":5227,"href":"https:\/\/resortparadis.ro\/en\/wp-json\/wp\/v2\/pages\/5225\/revisions\/5227"}],"wp:attachment":[{"href":"https:\/\/resortparadis.ro\/en\/wp-json\/wp\/v2\/media?parent=5225"}],"curies":[{"name":"wp","href":"https:\/\/api.w.org\/{rel}","templated":true}]}}