{"id":5378,"date":"2025-12-09T14:26:44","date_gmt":"2025-12-09T14:26:44","guid":{"rendered":"https:\/\/resortparadis.ro\/product\/camera-lisabona\/"},"modified":"2026-01-22T12:00:20","modified_gmt":"2026-01-22T12:00:20","slug":"camera-lisabona","status":"publish","type":"product","link":"https:\/\/resortparadis.ro\/en\/product\/camera-lisabona\/","title":{"rendered":"Camera Lisabona"},"content":{"rendered":"","protected":false},"excerpt":{"rendered":"","protected":false},"featured_media":5625,"comment_status":"open","ping_status":"closed","template":"","meta":[],"product_cat":[67],"product_tag":[],"class_list":["post-5378","product","type-product","status-publish","has-post-thumbnail","hentry","product_cat-lisabona"],"yoast_head":"<!-- This site is optimized with the Yoast SEO plugin v25.5 - https:\/\/yoast.com\/wordpress\/plugins\/seo\/ -->\n<title>Camera Lisabona - Complex Paradis<\/title>\n<meta name=\"robots\" content=\"index, follow, max-snippet:-1, max-image-preview:large, max-video-preview:-1\" \/>\n<link rel=\"canonical\" href=\"https:\/\/resortparadis.ro\/en\/product\/camera-lisabona\/\" \/>\n<meta property=\"og:locale\" content=\"en_GB\" \/>\n<meta property=\"og:type\" content=\"article\" \/>\n<meta property=\"og:title\" content=\"Camera Lisabona - Complex Paradis\" \/>\n<meta property=\"og:url\" content=\"https:\/\/resortparadis.ro\/en\/product\/camera-lisabona\/\" \/>\n<meta property=\"og:site_name\" content=\"Complex Paradis\" \/>\n<meta property=\"article:modified_time\" content=\"2026-01-22T12:00:20+00:00\" \/>\n<meta property=\"og:image\" content=\"https:\/\/resortparadis.ro\/wp-content\/uploads\/2025\/12\/Lisabona-2-scaled.jpg\" \/>\n\t<meta property=\"og:image:width\" content=\"2560\" \/>\n\t<meta property=\"og:image:height\" content=\"2048\" \/>\n\t<meta property=\"og:image:type\" content=\"image\/jpeg\" \/>\n<meta name=\"twitter:card\" content=\"summary_large_image\" \/>\n<meta name=\"twitter:label1\" content=\"Estimated reading time\" \/>\n\t<meta name=\"twitter:data1\" content=\"1 minute\" \/>\n<script type=\"application\/ld+json\" class=\"yoast-schema-graph\">{\"@context\":\"https:\/\/schema.org\",\"@graph\":[{\"@type\":\"WebPage\",\"@id\":\"https:\/\/resortparadis.ro\/product\/camera-lisabona\/\",\"url\":\"https:\/\/resortparadis.ro\/product\/camera-lisabona\/\",\"name\":\"Camera Lisabona - Complex Paradis\",\"isPartOf\":{\"@id\":\"https:\/\/resortparadis.ro\/#website\"},\"primaryImageOfPage\":{\"@id\":\"https:\/\/resortparadis.ro\/product\/camera-lisabona\/#primaryimage\"},\"image\":{\"@id\":\"https:\/\/resortparadis.ro\/product\/camera-lisabona\/#primaryimage\"},\"thumbnailUrl\":\"https:\/\/resortparadis.ro\/wp-content\/uploads\/2025\/12\/Lisabona-2-scaled.jpg\",\"datePublished\":\"2025-12-09T14:26:44+00:00\",\"dateModified\":\"2026-01-22T12:00:20+00:00\",\"breadcrumb\":{\"@id\":\"https:\/\/resortparadis.ro\/product\/camera-lisabona\/#breadcrumb\"},\"inLanguage\":\"en-GB\",\"potentialAction\":[{\"@type\":\"ReadAction\",\"target\":[\"https:\/\/resortparadis.ro\/product\/camera-lisabona\/\"]}]},{\"@type\":\"ImageObject\",\"inLanguage\":\"en-GB\",\"@id\":\"https:\/\/resortparadis.ro\/product\/camera-lisabona\/#primaryimage\",\"url\":\"https:\/\/resortparadis.ro\/wp-content\/uploads\/2025\/12\/Lisabona-2-scaled.jpg\",\"contentUrl\":\"https:\/\/resortparadis.ro\/wp-content\/uploads\/2025\/12\/Lisabona-2-scaled.jpg\",\"width\":2560,\"height\":2048},{\"@type\":\"BreadcrumbList\",\"@id\":\"https:\/\/resortparadis.ro\/product\/camera-lisabona\/#breadcrumb\",\"itemListElement\":[{\"@type\":\"ListItem\",\"position\":1,\"name\":\"Loca\u021bie pentru evenimente \u00een R\u00e2mnicu V\u00e2lcea. Oferte \u0219i pachete personalizabile. Sal\u0103 pentru nun\u021bi, botezuri, corporate.\",\"item\":\"https:\/\/resortparadis.ro\/\"},{\"@type\":\"ListItem\",\"position\":2,\"name\":\"Shop\",\"item\":\"https:\/\/resortparadis.ro\/bilete-revelion-resort-paradis-2024\/\"},{\"@type\":\"ListItem\",\"position\":3,\"name\":\"Camera Lisabona\"}]},{\"@type\":\"WebSite\",\"@id\":\"https:\/\/resortparadis.ro\/#website\",\"url\":\"https:\/\/resortparadis.ro\/\",\"name\":\"Complex Paradis\",\"description\":\"Hotel - Evenimente - Cofet\u0103rie\",\"publisher\":{\"@id\":\"https:\/\/resortparadis.ro\/#organization\"},\"potentialAction\":[{\"@type\":\"SearchAction\",\"target\":{\"@type\":\"EntryPoint\",\"urlTemplate\":\"https:\/\/resortparadis.ro\/?s={search_term_string}\"},\"query-input\":{\"@type\":\"PropertyValueSpecification\",\"valueRequired\":true,\"valueName\":\"search_term_string\"}}],\"inLanguage\":\"en-GB\"},{\"@type\":\"Organization\",\"@id\":\"https:\/\/resortparadis.ro\/#organization\",\"name\":\"Complex Paradis\",\"url\":\"https:\/\/resortparadis.ro\/\",\"logo\":{\"@type\":\"ImageObject\",\"inLanguage\":\"en-GB\",\"@id\":\"https:\/\/resortparadis.ro\/#\/schema\/logo\/image\/\",\"url\":\"https:\/\/resortparadis.ro\/wp-content\/uploads\/2024\/06\/cropped-paradis-resort-logo-s-white-e1695574663117-edited.png\",\"contentUrl\":\"https:\/\/resortparadis.ro\/wp-content\/uploads\/2024\/06\/cropped-paradis-resort-logo-s-white-e1695574663117-edited.png\",\"width\":885,\"height\":498,\"caption\":\"Complex Paradis\"},\"image\":{\"@id\":\"https:\/\/resortparadis.ro\/#\/schema\/logo\/image\/\"}}]}<\/script>\n<!-- \/ Yoast SEO plugin. -->","yoast_head_json":{"title":"Camera Lisabona - Complex Paradis","robots":{"index":"index","follow":"follow","max-snippet":"max-snippet:-1","max-image-preview":"max-image-preview:large","max-video-preview":"max-video-preview:-1"},"canonical":"https:\/\/resortparadis.ro\/en\/product\/camera-lisabona\/","og_locale":"en_GB","og_type":"article","og_title":"Camera Lisabona - Complex Paradis","og_url":"https:\/\/resortparadis.ro\/en\/product\/camera-lisabona\/","og_site_name":"Complex Paradis","article_modified_time":"2026-01-22T12:00:20+00:00","og_image":[{"width":2560,"height":2048,"url":"https:\/\/resortparadis.ro\/wp-content\/uploads\/2025\/12\/Lisabona-2-scaled.jpg","type":"image\/jpeg"}],"twitter_card":"summary_large_image","twitter_misc":{"Estimated reading time":"1 minute"},"schema":{"@context":"https:\/\/schema.org","@graph":[{"@type":"WebPage","@id":"https:\/\/resortparadis.ro\/product\/camera-lisabona\/","url":"https:\/\/resortparadis.ro\/product\/camera-lisabona\/","name":"Camera Lisabona - Complex Paradis","isPartOf":{"@id":"https:\/\/resortparadis.ro\/#website"},"primaryImageOfPage":{"@id":"https:\/\/resortparadis.ro\/product\/camera-lisabona\/#primaryimage"},"image":{"@id":"https:\/\/resortparadis.ro\/product\/camera-lisabona\/#primaryimage"},"thumbnailUrl":"https:\/\/resortparadis.ro\/wp-content\/uploads\/2025\/12\/Lisabona-2-scaled.jpg","datePublished":"2025-12-09T14:26:44+00:00","dateModified":"2026-01-22T12:00:20+00:00","breadcrumb":{"@id":"https:\/\/resortparadis.ro\/product\/camera-lisabona\/#breadcrumb"},"inLanguage":"en-GB","potentialAction":[{"@type":"ReadAction","target":["https:\/\/resortparadis.ro\/product\/camera-lisabona\/"]}]},{"@type":"ImageObject","inLanguage":"en-GB","@id":"https:\/\/resortparadis.ro\/product\/camera-lisabona\/#primaryimage","url":"https:\/\/resortparadis.ro\/wp-content\/uploads\/2025\/12\/Lisabona-2-scaled.jpg","contentUrl":"https:\/\/resortparadis.ro\/wp-content\/uploads\/2025\/12\/Lisabona-2-scaled.jpg","width":2560,"height":2048},{"@type":"BreadcrumbList","@id":"https:\/\/resortparadis.ro\/product\/camera-lisabona\/#breadcrumb","itemListElement":[{"@type":"ListItem","position":1,"name":"Loca\u021bie pentru evenimente \u00een R\u00e2mnicu V\u00e2lcea. Oferte \u0219i pachete personalizabile. Sal\u0103 pentru nun\u021bi, botezuri, corporate.","item":"https:\/\/resortparadis.ro\/"},{"@type":"ListItem","position":2,"name":"Shop","item":"https:\/\/resortparadis.ro\/bilete-revelion-resort-paradis-2024\/"},{"@type":"ListItem","position":3,"name":"Camera Lisabona"}]},{"@type":"WebSite","@id":"https:\/\/resortparadis.ro\/#website","url":"https:\/\/resortparadis.ro\/","name":"Complex Paradis","description":"Hotel - Evenimente - Cofet\u0103rie","publisher":{"@id":"https:\/\/resortparadis.ro\/#organization"},"potentialAction":[{"@type":"SearchAction","target":{"@type":"EntryPoint","urlTemplate":"https:\/\/resortparadis.ro\/?s={search_term_string}"},"query-input":{"@type":"PropertyValueSpecification","valueRequired":true,"valueName":"search_term_string"}}],"inLanguage":"en-GB"},{"@type":"Organization","@id":"https:\/\/resortparadis.ro\/#organization","name":"Complex Paradis","url":"https:\/\/resortparadis.ro\/","logo":{"@type":"ImageObject","inLanguage":"en-GB","@id":"https:\/\/resortparadis.ro\/#\/schema\/logo\/image\/","url":"https:\/\/resortparadis.ro\/wp-content\/uploads\/2024\/06\/cropped-paradis-resort-logo-s-white-e1695574663117-edited.png","contentUrl":"https:\/\/resortparadis.ro\/wp-content\/uploads\/2024\/06\/cropped-paradis-resort-logo-s-white-e1695574663117-edited.png","width":885,"height":498,"caption":"Complex Paradis"},"image":{"@id":"https:\/\/resortparadis.ro\/#\/schema\/logo\/image\/"}}]}},"jetpack_sharing_enabled":true,"_links":{"self":[{"href":"https:\/\/resortparadis.ro\/en\/wp-json\/wp\/v2\/product\/5378","targetHints":{"allow":["GET"]}}],"collection":[{"href":"https:\/\/resortparadis.ro\/en\/wp-json\/wp\/v2\/product"}],"about":[{"href":"https:\/\/resortparadis.ro\/en\/wp-json\/wp\/v2\/types\/product"}],"replies":[{"embeddable":true,"href":"https:\/\/resortparadis.ro\/en\/wp-json\/wp\/v2\/comments?post=5378"}],"wp:featuredmedia":[{"embeddable":true,"href":"https:\/\/resortparadis.ro\/en\/wp-json\/wp\/v2\/media\/5625"}],"wp:attachment":[{"href":"https:\/\/resortparadis.ro\/en\/wp-json\/wp\/v2\/media?parent=5378"}],"wp:term":[{"taxonomy":"product_cat","embeddable":true,"href":"https:\/\/resortparadis.ro\/en\/wp-json\/wp\/v2\/product_cat?post=5378"},{"taxonomy":"product_tag","embeddable":true,"href":"https:\/\/resortparadis.ro\/en\/wp-json\/wp\/v2\/product_tag?post=5378"}],"curies":[{"name":"wp","href":"https:\/\/api.w.org\/{rel}","templated":true}]}}